{"id":18,"date":"2025-07-23T22:01:52","date_gmt":"2025-07-24T01:01:52","guid":{"rendered":"https:\/\/ferreiraslab.com\/?page_id=18"},"modified":"2025-11-10T16:39:05","modified_gmt":"2025-11-10T19:39:05","slug":"equipe-atual","status":"publish","type":"page","link":"https:\/\/ferreiraslab.com\/en\/equipe-atual\/","title":{"rendered":"Equipe Atual"},"content":{"rendered":"<div data-elementor-type=\"wp-page\" data-elementor-id=\"18\" class=\"elementor elementor-18\">\n\t\t\t\t\t\t<section class=\"elementor-section elementor-top-section elementor-element elementor-element-19864d6c elementor-section-boxed elementor-section-height-default elementor-section-height-default elementor-invisible\" data-id=\"19864d6c\" data-element_type=\"section\" data-settings=\"{&quot;animation&quot;:&quot;fadeInUp&quot;}\">\n\t\t\t\t\t\t<div class=\"elementor-container elementor-column-gap-default\">\n\t\t\t\t\t<div class=\"elementor-column elementor-col-100 elementor-top-column elementor-element elementor-element-4f75ac08\" data-id=\"4f75ac08\" data-element_type=\"column\">\n\t\t\t<div class=\"elementor-widget-wrap elementor-element-populated\">\n\t\t\t\t\t\t<div class=\"elementor-element elementor-element-3314f214 elementor-widget elementor-widget-heading\" data-id=\"3314f214\" data-element_type=\"widget\" data-widget_type=\"heading.default\">\n\t\t\t\t\t<h1 class=\"elementor-heading-title elementor-size-default\">Team<\/h1>\t\t\t\t<\/div>\n\t\t\t\t\t<\/div>\n\t\t<\/div>\n\t\t\t\t\t<\/div>\n\t\t<\/section>\n\t\t<div class=\"elementor-element elementor-element-613956f e-flex e-con-boxed e-con e-parent\" data-id=\"613956f\" data-element_type=\"container\">\n\t\t\t\t\t<div class=\"e-con-inner\">\n\t\t\t\t\t<\/div>\n\t\t\t\t<\/div>\n\t\t<div class=\"elementor-element elementor-element-73fd159 e-flex e-con-boxed elementor-invisible e-con e-parent\" data-id=\"73fd159\" data-element_type=\"container\" data-settings=\"{&quot;animation&quot;:&quot;fadeInUp&quot;}\">\n\t\t\t\t\t<div class=\"e-con-inner\">\n\t\t<div class=\"elementor-element elementor-element-fd02c34 e-con-full e-flex e-con e-child\" data-id=\"fd02c34\" data-element_type=\"container\">\n\t\t\t\t<div class=\"elementor-element elementor-element-9cb196c elementor-widget elementor-widget-heading\" data-id=\"9cb196c\" data-element_type=\"widget\" data-widget_type=\"heading.default\">\n\t\t\t\t\t<h2 class=\"elementor-heading-title elementor-size-default\">Principal Investigator<\/h2>\t\t\t\t<\/div>\n\t\t\t\t<\/div>\n\t\t\t\t\t<\/div>\n\t\t\t\t<\/div>\n\t\t<div class=\"elementor-element elementor-element-4c1755e e-flex e-con-boxed elementor-invisible e-con e-parent\" data-id=\"4c1755e\" data-element_type=\"container\" data-settings=\"{&quot;animation&quot;:&quot;fadeInUp&quot;}\">\n\t\t\t\t\t<div class=\"e-con-inner\">\n\t\t<div class=\"elementor-element elementor-element-a8863da e-con-full e-flex e-con e-child\" data-id=\"a8863da\" data-element_type=\"container\">\n\t\t\t\t<div class=\"elementor-element elementor-element-f06408c elementor-widget elementor-widget-image\" data-id=\"f06408c\" data-element_type=\"widget\" data-widget_type=\"image.default\">\n\t\t\t\t\t\t\t\t\t\t\t\t\t\t\t<img decoding=\"async\" width=\"173\" height=\"243\" src=\"https:\/\/ferreiraslab.com\/wp-content\/uploads\/2025\/10\/Imagem-do-WhatsApp-de-2025-10-08-as-17.25.48_6fbee3ad-e1760625447743.jpg\" class=\"attachment-large size-large wp-image-535\" alt=\"\" srcset=\"https:\/\/ferreiraslab.com\/wp-content\/uploads\/2025\/10\/Imagem-do-WhatsApp-de-2025-10-08-as-17.25.48_6fbee3ad-e1760625447743.jpg 173w, https:\/\/ferreiraslab.com\/wp-content\/uploads\/2025\/10\/Imagem-do-WhatsApp-de-2025-10-08-as-17.25.48_6fbee3ad-e1760625447743-9x12.jpg 9w\" sizes=\"(max-width: 173px) 100vw, 173px\" \/>\t\t\t\t\t\t\t\t\t\t\t\t\t\t\t<\/div>\n\t\t\t\t<\/div>\n\t\t<div class=\"elementor-element elementor-element-dba8687 e-con-full e-flex e-con e-child\" data-id=\"dba8687\" data-element_type=\"container\">\n\t\t<div class=\"elementor-element elementor-element-e60e2d2 e-con-full e-flex e-con e-child\" data-id=\"e60e2d2\" data-element_type=\"container\">\n\t\t\t\t<div class=\"elementor-element elementor-element-cd3a593 elementor-widget elementor-widget-heading\" data-id=\"cd3a593\" data-element_type=\"widget\" data-widget_type=\"heading.default\">\n\t\t\t\t\t<h2 class=\"elementor-heading-title elementor-size-default\">Prof\u00aa Dr\u00aa Caroline Marcantonio Ferreira<\/h2>\t\t\t\t<\/div>\n\t\t\t\t<\/div>\n\t\t<div class=\"elementor-element elementor-element-626e42b e-con-full e-flex e-con e-child\" data-id=\"626e42b\" data-element_type=\"container\">\n\t\t\t\t<div class=\"elementor-element elementor-element-15cb777 elementor-widget elementor-widget-text-editor\" data-id=\"15cb777\" data-element_type=\"widget\" data-widget_type=\"text-editor.default\">\n\t\t\t\t\t\t\t\t\t<p>Head of the Lung Inflamation Laboratory<\/p>\t\t\t\t\t\t\t\t<\/div>\n\t\t<div class=\"elementor-element elementor-element-cb032fa e-grid e-con-full e-con e-child\" data-id=\"cb032fa\" data-element_type=\"container\">\n\t\t\t\t<div class=\"elementor-element elementor-element-408b00e elementor-align-center elementor-widget elementor-widget-button\" data-id=\"408b00e\" data-element_type=\"widget\" data-widget_type=\"button.default\">\n\t\t\t\t\t\t\t\t\t\t<a class=\"elementor-button elementor-button-link elementor-size-sm elementor-animation-grow\" href=\"http:\/\/lattes.cnpq.br\/2611231931842917\">\n\t\t\t\t\t\t<span class=\"elementor-button-content-wrapper\">\n\t\t\t\t\t\t\t\t\t<span class=\"elementor-button-text\">Lattes CV<\/span>\n\t\t\t\t\t<\/span>\n\t\t\t\t\t<\/a>\n\t\t\t\t\t\t\t\t<\/div>\n\t\t\t\t<div class=\"elementor-element elementor-element-545c568 elementor-align-center elementor-widget elementor-widget-button\" data-id=\"545c568\" data-element_type=\"widget\" data-widget_type=\"button.default\">\n\t\t\t\t\t\t\t\t\t\t<a class=\"elementor-button elementor-button-link elementor-size-sm elementor-animation-grow\" href=\"https:\/\/bv.fapesp.br\/pt\/pesquisador\/555878\/caroline-marcantonio-ferreira\/\">\n\t\t\t\t\t\t<span class=\"elementor-button-content-wrapper\">\n\t\t\t\t\t\t\t\t\t<span class=\"elementor-button-text\">Fapesp<\/span>\n\t\t\t\t\t<\/span>\n\t\t\t\t\t<\/a>\n\t\t\t\t\t\t\t\t<\/div>\n\t\t\t\t<div class=\"elementor-element elementor-element-76722e5 elementor-align-center elementor-widget elementor-widget-button\" data-id=\"76722e5\" data-element_type=\"widget\" data-widget_type=\"button.default\">\n\t\t\t\t\t\t\t\t\t\t<a class=\"elementor-button elementor-button-link elementor-size-sm elementor-animation-grow\" href=\"https:\/\/scholar.google.com\/citations?hl=pt-BR&#038;user=QpJIBHsAAAAJ&#038;view_op=list_works\">\n\t\t\t\t\t\t<span class=\"elementor-button-content-wrapper\">\n\t\t\t\t\t\t\t\t\t<span class=\"elementor-button-text\">Google Scholar<\/span>\n\t\t\t\t\t<\/span>\n\t\t\t\t\t<\/a>\n\t\t\t\t\t\t\t\t<\/div>\n\t\t\t\t<\/div>\n\t\t\t\t<\/div>\n\t\t\t\t<\/div>\n\t\t\t\t\t<\/div>\n\t\t\t\t<\/div>\n\t\t<div class=\"elementor-element elementor-element-442075f e-flex e-con-boxed elementor-invisible e-con e-parent\" data-id=\"442075f\" data-element_type=\"container\" data-settings=\"{&quot;animation&quot;:&quot;fadeInUp&quot;}\">\n\t\t\t\t\t<div class=\"e-con-inner\">\n\t\t<div class=\"elementor-element elementor-element-b691a62 e-con-full e-flex e-con e-child\" data-id=\"b691a62\" data-element_type=\"container\" data-settings=\"{&quot;background_background&quot;:&quot;gradient&quot;}\">\n\t\t\t\t<div class=\"elementor-element elementor-element-e946716 elementor-widget elementor-widget-heading\" data-id=\"e946716\" data-element_type=\"widget\" data-widget_type=\"heading.default\">\n\t\t\t\t\t<h2 class=\"elementor-heading-title elementor-size-default\">Technician<\/h2>\t\t\t\t<\/div>\n\t\t\t\t<\/div>\n\t\t\t\t\t<\/div>\n\t\t\t\t<\/div>\n\t\t<div class=\"elementor-element elementor-element-dda1fd2 e-flex e-con-boxed elementor-invisible e-con e-parent\" data-id=\"dda1fd2\" data-element_type=\"container\" data-settings=\"{&quot;animation&quot;:&quot;fadeInUp&quot;}\">\n\t\t\t\t\t<div class=\"e-con-inner\">\n\t\t<div class=\"elementor-element elementor-element-4142be8 e-con-full e-flex e-con e-child\" data-id=\"4142be8\" data-element_type=\"container\">\n\t\t\t\t<div class=\"elementor-element elementor-element-8cd5d70 elementor-widget elementor-widget-image\" data-id=\"8cd5d70\" data-element_type=\"widget\" data-widget_type=\"image.default\">\n\t\t\t\t\t\t\t\t\t\t\t\t\t\t\t<img decoding=\"async\" width=\"173\" height=\"243\" src=\"https:\/\/ferreiraslab.com\/wp-content\/uploads\/2025\/08\/WhatsApp-Image-2025-08-11-at-15.34.53.jpeg\" class=\"attachment-large size-large wp-image-258\" alt=\"\" \/>\t\t\t\t\t\t\t\t\t\t\t\t\t\t\t<\/div>\n\t\t\t\t<\/div>\n\t\t<div class=\"elementor-element elementor-element-501d219 e-con-full e-flex e-con e-child\" data-id=\"501d219\" data-element_type=\"container\">\n\t\t<div class=\"elementor-element elementor-element-7225c2c e-con-full e-flex e-con e-child\" data-id=\"7225c2c\" data-element_type=\"container\">\n\t\t\t\t<div class=\"elementor-element elementor-element-252c96a elementor-widget elementor-widget-heading\" data-id=\"252c96a\" data-element_type=\"widget\" data-widget_type=\"heading.default\">\n\t\t\t\t\t<h2 class=\"elementor-heading-title elementor-size-default\">Eduardo Mendes<\/h2>\t\t\t\t<\/div>\n\t\t\t\t<\/div>\n\t\t<div class=\"elementor-element elementor-element-444fa4c e-con-full e-flex e-con e-child\" data-id=\"444fa4c\" data-element_type=\"container\">\n\t\t\t\t<div class=\"elementor-element elementor-element-84ae6f5 elementor-widget elementor-widget-text-editor\" data-id=\"84ae6f5\" data-element_type=\"widget\" data-widget_type=\"text-editor.default\">\n\t\t\t\t\t\t\t\t\t<p>Former Master's student, Former Doctoral student and current Technician at the Lung Inflammation Laboratory<\/p>\t\t\t\t\t\t\t\t<\/div>\n\t\t<div class=\"elementor-element elementor-element-2c83108 e-con-full e-flex e-con e-child\" data-id=\"2c83108\" data-element_type=\"container\">\n\t\t\t\t<div class=\"elementor-element elementor-element-bf788ba elementor-align-center elementor-widget elementor-widget-button\" data-id=\"bf788ba\" data-element_type=\"widget\" data-widget_type=\"button.default\">\n\t\t\t\t\t\t\t\t\t\t<a class=\"elementor-button elementor-button-link elementor-size-sm elementor-animation-grow\" href=\"http:\/\/lattes.cnpq.br\/3574041667771057\">\n\t\t\t\t\t\t<span class=\"elementor-button-content-wrapper\">\n\t\t\t\t\t\t\t\t\t<span class=\"elementor-button-text\">Lattes CV<\/span>\n\t\t\t\t\t<\/span>\n\t\t\t\t\t<\/a>\n\t\t\t\t\t\t\t\t<\/div>\n\t\t\t\t<\/div>\n\t\t\t\t<\/div>\n\t\t\t\t<\/div>\n\t\t\t\t\t<\/div>\n\t\t\t\t<\/div>\n\t\t<div class=\"elementor-element elementor-element-fd81a26 e-flex e-con-boxed elementor-invisible e-con e-parent\" data-id=\"fd81a26\" data-element_type=\"container\" data-settings=\"{&quot;animation&quot;:&quot;fadeInUp&quot;}\">\n\t\t\t\t\t<div class=\"e-con-inner\">\n\t\t<div class=\"elementor-element elementor-element-062c32d e-con-full e-flex e-con e-child\" data-id=\"062c32d\" data-element_type=\"container\">\n\t\t\t\t<div class=\"elementor-element elementor-element-12652ee elementor-widget elementor-widget-heading\" data-id=\"12652ee\" data-element_type=\"widget\" data-widget_type=\"heading.default\">\n\t\t\t\t\t<h2 class=\"elementor-heading-title elementor-size-default\">Postdoctoral Researcher<\/h2>\t\t\t\t<\/div>\n\t\t\t\t<\/div>\n\t\t\t\t\t<\/div>\n\t\t\t\t<\/div>\n\t\t<div class=\"elementor-element elementor-element-004e1c7 e-flex e-con-boxed elementor-invisible e-con e-parent\" data-id=\"004e1c7\" data-element_type=\"container\" data-settings=\"{&quot;animation&quot;:&quot;fadeInUp&quot;}\">\n\t\t\t\t\t<div class=\"e-con-inner\">\n\t\t<div class=\"elementor-element elementor-element-8fb11f6 e-con-full e-flex e-con e-child\" data-id=\"8fb11f6\" data-element_type=\"container\">\n\t\t\t\t<div class=\"elementor-element elementor-element-fc2dba0 elementor-widget elementor-widget-image\" data-id=\"fc2dba0\" data-element_type=\"widget\" data-widget_type=\"image.default\">\n\t\t\t\t\t\t\t\t\t\t\t\t\t\t\t<img decoding=\"async\" width=\"173\" height=\"243\" src=\"https:\/\/ferreiraslab.com\/wp-content\/uploads\/2025\/08\/Vanessa-Pos-doc-e1760625226931.png\" class=\"attachment-large size-large wp-image-462\" alt=\"\" srcset=\"https:\/\/ferreiraslab.com\/wp-content\/uploads\/2025\/08\/Vanessa-Pos-doc-e1760625226931.png 173w, https:\/\/ferreiraslab.com\/wp-content\/uploads\/2025\/08\/Vanessa-Pos-doc-e1760625226931-9x12.png 9w\" sizes=\"(max-width: 173px) 100vw, 173px\" \/>\t\t\t\t\t\t\t\t\t\t\t\t\t\t\t<\/div>\n\t\t\t\t<\/div>\n\t\t<div class=\"elementor-element elementor-element-02401b1 e-con-full e-flex e-con e-child\" data-id=\"02401b1\" data-element_type=\"container\">\n\t\t<div class=\"elementor-element elementor-element-b048f27 e-con-full e-flex e-con e-child\" data-id=\"b048f27\" data-element_type=\"container\">\n\t\t\t\t<div class=\"elementor-element elementor-element-06d421e elementor-widget elementor-widget-heading\" data-id=\"06d421e\" data-element_type=\"widget\" data-widget_type=\"heading.default\">\n\t\t\t\t\t<h2 class=\"elementor-heading-title elementor-size-default\">Vanessa de Souza<\/h2>\t\t\t\t<\/div>\n\t\t\t\t<\/div>\n\t\t<div class=\"elementor-element elementor-element-2fead33 e-con-full e-flex e-con e-child\" data-id=\"2fead33\" data-element_type=\"container\">\n\t\t\t\t<div class=\"elementor-element elementor-element-0d69dbc elementor-widget elementor-widget-text-editor\" data-id=\"0d69dbc\" data-element_type=\"widget\" data-widget_type=\"text-editor.default\">\n\t\t\t\t\t\t\t\t\t<p>Postdoctoral Student at the Lung Inflammation Laboratory<\/p>\t\t\t\t\t\t\t\t<\/div>\n\t\t<div class=\"elementor-element elementor-element-b72f7f2 e-con-full e-flex e-con e-child\" data-id=\"b72f7f2\" data-element_type=\"container\">\n\t\t\t\t<div class=\"elementor-element elementor-element-fc7f728 elementor-align-center elementor-widget elementor-widget-button\" data-id=\"fc7f728\" data-element_type=\"widget\" data-widget_type=\"button.default\">\n\t\t\t\t\t\t\t\t\t\t<a class=\"elementor-button elementor-button-link elementor-size-sm elementor-animation-grow\" href=\"https:\/\/lattes.cnpq.br\/3219735611524740\">\n\t\t\t\t\t\t<span class=\"elementor-button-content-wrapper\">\n\t\t\t\t\t\t\t\t\t<span class=\"elementor-button-text\">Lattes CV<\/span>\n\t\t\t\t\t<\/span>\n\t\t\t\t\t<\/a>\n\t\t\t\t\t\t\t\t<\/div>\n\t\t\t\t<\/div>\n\t\t\t\t<\/div>\n\t\t\t\t<\/div>\n\t\t\t\t\t<\/div>\n\t\t\t\t<\/div>\n\t\t<div class=\"elementor-element elementor-element-6310938 e-flex e-con-boxed elementor-invisible e-con e-parent\" data-id=\"6310938\" data-element_type=\"container\" data-settings=\"{&quot;animation&quot;:&quot;fadeInUp&quot;}\">\n\t\t\t\t\t<div class=\"e-con-inner\">\n\t\t<div class=\"elementor-element elementor-element-20bc88c e-con-full e-flex e-con e-child\" data-id=\"20bc88c\" data-element_type=\"container\">\n\t\t\t\t<div class=\"elementor-element elementor-element-1467d83 elementor-widget elementor-widget-heading\" data-id=\"1467d83\" data-element_type=\"widget\" data-widget_type=\"heading.default\">\n\t\t\t\t\t<h2 class=\"elementor-heading-title elementor-size-default\">Undergraduate research<\/h2>\t\t\t\t<\/div>\n\t\t\t\t<\/div>\n\t\t\t\t\t<\/div>\n\t\t\t\t<\/div>\n\t\t<div class=\"elementor-element elementor-element-68bc3a7 e-flex e-con-boxed elementor-invisible e-con e-parent\" data-id=\"68bc3a7\" data-element_type=\"container\" data-settings=\"{&quot;animation&quot;:&quot;fadeInUp&quot;}\">\n\t\t\t\t\t<div class=\"e-con-inner\">\n\t\t<div class=\"elementor-element elementor-element-95565fd e-con-full e-flex e-con e-child\" data-id=\"95565fd\" data-element_type=\"container\">\n\t\t\t\t<div class=\"elementor-element elementor-element-bf21ab5 elementor-widget elementor-widget-image\" data-id=\"bf21ab5\" data-element_type=\"widget\" data-widget_type=\"image.default\">\n\t\t\t\t\t\t\t\t\t\t\t\t\t\t\t<img loading=\"lazy\" decoding=\"async\" width=\"173\" height=\"243\" src=\"https:\/\/ferreiraslab.com\/wp-content\/uploads\/2025\/08\/Juliana-IC-e1760625319116.png\" class=\"attachment-large size-large wp-image-463\" alt=\"\" srcset=\"https:\/\/ferreiraslab.com\/wp-content\/uploads\/2025\/08\/Juliana-IC-e1760625319116.png 173w, https:\/\/ferreiraslab.com\/wp-content\/uploads\/2025\/08\/Juliana-IC-e1760625319116-9x12.png 9w\" sizes=\"(max-width: 173px) 100vw, 173px\" \/>\t\t\t\t\t\t\t\t\t\t\t\t\t\t\t<\/div>\n\t\t\t\t<\/div>\n\t\t<div class=\"elementor-element elementor-element-e33c243 e-con-full e-flex e-con e-child\" data-id=\"e33c243\" data-element_type=\"container\">\n\t\t<div class=\"elementor-element elementor-element-7a0d801 e-con-full e-flex e-con e-child\" data-id=\"7a0d801\" data-element_type=\"container\">\n\t\t\t\t<div class=\"elementor-element elementor-element-a983a18 elementor-widget elementor-widget-heading\" data-id=\"a983a18\" data-element_type=\"widget\" data-widget_type=\"heading.default\">\n\t\t\t\t\t<h2 class=\"elementor-heading-title elementor-size-default\">Juliana Carvalho Pereira<\/h2>\t\t\t\t<\/div>\n\t\t\t\t<\/div>\n\t\t<div class=\"elementor-element elementor-element-77010fd e-con-full e-flex e-con e-child\" data-id=\"77010fd\" data-element_type=\"container\">\n\t\t\t\t<div class=\"elementor-element elementor-element-ef6672f elementor-widget elementor-widget-text-editor\" data-id=\"ef6672f\" data-element_type=\"widget\" data-widget_type=\"text-editor.default\">\n\t\t\t\t\t\t\t\t\t<p>Undergraduate research at the Lung Inflammation Laboratory<\/p>\t\t\t\t\t\t\t\t<\/div>\n\t\t\t\t<\/div>\n\t\t<div class=\"elementor-element elementor-element-e3d7aad e-con-full e-flex e-con e-child\" data-id=\"e3d7aad\" data-element_type=\"container\">\n\t\t\t\t<div class=\"elementor-element elementor-element-141e6a7 elementor-align-center elementor-widget elementor-widget-button\" data-id=\"141e6a7\" data-element_type=\"widget\" data-widget_type=\"button.default\">\n\t\t\t\t\t\t\t\t\t\t<a class=\"elementor-button elementor-button-link elementor-size-sm elementor-animation-grow\" href=\"https:\/\/lattes.cnpq.br\/7049434857809574\">\n\t\t\t\t\t\t<span class=\"elementor-button-content-wrapper\">\n\t\t\t\t\t\t\t\t\t<span class=\"elementor-button-text\">Lattes CV<\/span>\n\t\t\t\t\t<\/span>\n\t\t\t\t\t<\/a>\n\t\t\t\t\t\t\t\t<\/div>\n\t\t\t\t<\/div>\n\t\t\t\t<\/div>\n\t\t\t\t\t<\/div>\n\t\t\t\t<\/div>\n\t\t<div class=\"elementor-element elementor-element-a9e2f7d e-flex e-con-boxed e-con e-parent\" data-id=\"a9e2f7d\" data-element_type=\"container\">\n\t\t\t\t\t<div class=\"e-con-inner\">\n\t\t\t\t<div class=\"elementor-element elementor-element-53ad8f1 elementor-widget elementor-widget-spacer\" data-id=\"53ad8f1\" data-element_type=\"widget\" data-widget_type=\"spacer.default\">\n\t\t\t\t\t\t\t<div class=\"elementor-spacer\">\n\t\t\t<div class=\"elementor-spacer-inner\"><\/div>\n\t\t<\/div>\n\t\t\t\t\t\t<\/div>\n\t\t\t\t\t<\/div>\n\t\t\t\t<\/div>\n\t\t<div class=\"elementor-element elementor-element-fa96047 e-flex e-con-boxed e-con e-parent\" data-id=\"fa96047\" data-element_type=\"container\" data-settings=\"{&quot;shape_divider_top&quot;:&quot;opacity-tilt&quot;,&quot;shape_divider_bottom&quot;:&quot;opacity-tilt&quot;}\">\n\t\t\t\t\t<div class=\"e-con-inner\">\n\t\t\t\t<div class=\"elementor-shape elementor-shape-top\" aria-hidden=\"true\" data-negative=\"false\">\n\t\t\t<svg xmlns=\"http:\/\/www.w3.org\/2000\/svg\" viewbox=\"0 0 2600 131.1\" preserveaspectratio=\"none\">\n\t<path class=\"elementor-shape-fill\" d=\"M0 0L2600 0 2600 69.1 0 0z\"\/>\n\t<path class=\"elementor-shape-fill\" style=\"opacity:0.5\" d=\"M0 0L2600 0 2600 69.1 0 69.1z\"\/>\n\t<path class=\"elementor-shape-fill\" style=\"opacity:0.25\" d=\"M2600 0L0 0 0 130.1 2600 69.1z\"\/>\n<\/svg>\t\t<\/div>\n\t\t\t\t<div class=\"elementor-shape elementor-shape-bottom\" aria-hidden=\"true\" data-negative=\"false\">\n\t\t\t<svg xmlns=\"http:\/\/www.w3.org\/2000\/svg\" viewbox=\"0 0 2600 131.1\" preserveaspectratio=\"none\">\n\t<path class=\"elementor-shape-fill\" d=\"M0 0L2600 0 2600 69.1 0 0z\"\/>\n\t<path class=\"elementor-shape-fill\" style=\"opacity:0.5\" d=\"M0 0L2600 0 2600 69.1 0 69.1z\"\/>\n\t<path class=\"elementor-shape-fill\" style=\"opacity:0.25\" d=\"M2600 0L0 0 0 130.1 2600 69.1z\"\/>\n<\/svg>\t\t<\/div>\n\t\t\t\t\t<\/div>\n\t\t\t\t<\/div>\n\t\t\t\t<\/div>","protected":false},"excerpt":{"rendered":"<p>Equipe Coordena\u00e7\u00e3o Prof\u00aa Dr\u00aa Caroline Marcantonio Ferreira Coordenadora do Laborat\u00f3rio de Inflama\u00e7\u00e3o Pulmonar Curr\u00edculo Lattes Fapesp Google Scholar T\u00e9cnico Eduardo Mendes Ex Mestrando, Ex Doutorando e atual T\u00e9cnico do Labort\u00f3rio de Inflama\u00e7\u00e3o Pulmonar Curr\u00edculo Lattes P\u00f3s Doutorado Vanessa de Souza Aluna de P\u00f3s Doutorado do Laborat\u00f3rio de Inflama\u00e7\u00e3o Pulmonar Curr\u00edculo Lattes Inicia\u00e7\u00e3o Cient\u00edfica Juliana Carvalho [&hellip;]<\/p>","protected":false},"author":1,"featured_media":0,"parent":0,"menu_order":0,"comment_status":"closed","ping_status":"closed","template":"elementor_header_footer","meta":{"footnotes":""},"class_list":["post-18","page","type-page","status-publish","hentry"],"_links":{"self":[{"href":"https:\/\/ferreiraslab.com\/en\/wp-json\/wp\/v2\/pages\/18","targetHints":{"allow":["GET"]}}],"collection":[{"href":"https:\/\/ferreiraslab.com\/en\/wp-json\/wp\/v2\/pages"}],"about":[{"href":"https:\/\/ferreiraslab.com\/en\/wp-json\/wp\/v2\/types\/page"}],"author":[{"embeddable":true,"href":"https:\/\/ferreiraslab.com\/en\/wp-json\/wp\/v2\/users\/1"}],"replies":[{"embeddable":true,"href":"https:\/\/ferreiraslab.com\/en\/wp-json\/wp\/v2\/comments?post=18"}],"version-history":[{"count":92,"href":"https:\/\/ferreiraslab.com\/en\/wp-json\/wp\/v2\/pages\/18\/revisions"}],"predecessor-version":[{"id":1000,"href":"https:\/\/ferreiraslab.com\/en\/wp-json\/wp\/v2\/pages\/18\/revisions\/1000"}],"wp:attachment":[{"href":"https:\/\/ferreiraslab.com\/en\/wp-json\/wp\/v2\/media?parent=18"}],"curies":[{"name":"wp","href":"https:\/\/api.w.org\/{rel}","templated":true}]}}