{"id":20,"date":"2025-07-23T22:01:37","date_gmt":"2025-07-24T01:01:37","guid":{"rendered":"https:\/\/ferreiraslab.com\/?page_id=20"},"modified":"2026-01-06T16:55:23","modified_gmt":"2026-01-06T19:55:23","slug":"oportunidades","status":"publish","type":"page","link":"https:\/\/ferreiraslab.com\/en\/oportunidades\/","title":{"rendered":"Opportunities"},"content":{"rendered":"<div data-elementor-type=\"wp-page\" data-elementor-id=\"20\" class=\"elementor elementor-20\">\n\t\t\t\t<div class=\"elementor-element elementor-element-7ff20a1 e-grid e-con-boxed elementor-invisible e-con e-parent\" data-id=\"7ff20a1\" data-element_type=\"container\" data-settings=\"{&quot;animation&quot;:&quot;fadeInDown&quot;}\">\n\t\t\t\t\t<div class=\"e-con-inner\">\n\t\t\t\t<div class=\"elementor-element elementor-element-69bb918 elementor-widget elementor-widget-heading\" data-id=\"69bb918\" data-element_type=\"widget\" data-settings=\"{&quot;_animation&quot;:&quot;none&quot;}\" data-widget_type=\"heading.default\">\n\t\t\t\t\t<h1 class=\"elementor-heading-title elementor-size-default\">Opportunities<\/h1>\t\t\t\t<\/div>\n\t\t\t\t<div class=\"elementor-element elementor-element-645ee3b elementor-hidden-desktop elementor-hidden-tablet elementor-widget elementor-widget-spacer\" data-id=\"645ee3b\" data-element_type=\"widget\" data-widget_type=\"spacer.default\">\n\t\t\t\t\t\t\t<div class=\"elementor-spacer\">\n\t\t\t<div class=\"elementor-spacer-inner\"><\/div>\n\t\t<\/div>\n\t\t\t\t\t\t<\/div>\n\t\t\t\t<div class=\"elementor-element elementor-element-247bd5f elementor-hidden-desktop elementor-hidden-tablet elementor-widget elementor-widget-text-editor\" data-id=\"247bd5f\" data-element_type=\"widget\" data-widget_type=\"text-editor.default\">\n\t\t\t\t\t\t\t\t\t<p style=\"text-align: center;\"><strong><span style=\"color: #3d557a; font-size: 20px;\">Come learn and grow your career with us<\/span><\/strong><\/p>\t\t\t\t\t\t\t\t<\/div>\n\t\t\t\t<div class=\"elementor-element elementor-element-7b2aed2 elementor-hidden-mobile elementor-widget elementor-widget-text-editor\" data-id=\"7b2aed2\" data-element_type=\"widget\" data-widget_type=\"text-editor.default\">\n\t\t\t\t\t\t\t\t\t<p style=\"text-align: center;\"><span style=\"color: #3d557a; font-size: 20px;\">Come learn and grow your career with us<\/span><\/p>\t\t\t\t\t\t\t\t<\/div>\n\t\t\t\t\t<\/div>\n\t\t\t\t<\/div>\n\t\t<div class=\"elementor-element elementor-element-6a8db55 e-grid e-con-boxed e-con e-parent\" data-id=\"6a8db55\" data-element_type=\"container\" data-settings=\"{&quot;shape_divider_bottom&quot;:&quot;opacity-tilt&quot;}\">\n\t\t\t\t\t<div class=\"e-con-inner\">\n\t\t\t\t<div class=\"elementor-shape elementor-shape-bottom\" aria-hidden=\"true\" data-negative=\"false\">\n\t\t\t<svg xmlns=\"http:\/\/www.w3.org\/2000\/svg\" viewbox=\"0 0 2600 131.1\" preserveaspectratio=\"none\">\n\t<path class=\"elementor-shape-fill\" d=\"M0 0L2600 0 2600 69.1 0 0z\"\/>\n\t<path class=\"elementor-shape-fill\" style=\"opacity:0.5\" d=\"M0 0L2600 0 2600 69.1 0 69.1z\"\/>\n\t<path class=\"elementor-shape-fill\" style=\"opacity:0.25\" d=\"M2600 0L0 0 0 130.1 2600 69.1z\"\/>\n<\/svg>\t\t<\/div>\n\t\t<div class=\"elementor-element elementor-element-8775827 e-con-full e-flex elementor-invisible e-con e-child\" data-id=\"8775827\" data-element_type=\"container\" data-settings=\"{&quot;animation&quot;:&quot;fadeInLeft&quot;}\">\n\t\t\t\t<div class=\"elementor-element elementor-element-5071485 elementor-widget elementor-widget-heading\" data-id=\"5071485\" data-element_type=\"widget\" data-widget_type=\"heading.default\">\n\t\t\t\t\t<h2 class=\"elementor-heading-title elementor-size-default\">Undergraduate research<\/h2>\t\t\t\t<\/div>\n\t\t\t\t<div class=\"elementor-element elementor-element-f0c9f3a elementor-widget elementor-widget-image\" data-id=\"f0c9f3a\" data-element_type=\"widget\" data-widget_type=\"image.default\">\n\t\t\t\t\t\t\t\t\t\t\t\t\t\t\t<img decoding=\"async\" width=\"200\" height=\"200\" src=\"https:\/\/ferreiraslab.com\/wp-content\/uploads\/2025\/08\/Guia-de-Identidade-Visual-7.png\" class=\"attachment-large size-large wp-image-442\" alt=\"\" srcset=\"https:\/\/ferreiraslab.com\/wp-content\/uploads\/2025\/08\/Guia-de-Identidade-Visual-7.png 200w, https:\/\/ferreiraslab.com\/wp-content\/uploads\/2025\/08\/Guia-de-Identidade-Visual-7-150x150.png 150w\" sizes=\"(max-width: 200px) 100vw, 200px\" \/>\t\t\t\t\t\t\t\t\t\t\t\t\t\t\t<\/div>\n\t\t\t\t<div class=\"elementor-element elementor-element-af22838 elementor-hidden-desktop elementor-hidden-tablet elementor-widget elementor-widget-spacer\" data-id=\"af22838\" data-element_type=\"widget\" data-widget_type=\"spacer.default\">\n\t\t\t\t\t\t\t<div class=\"elementor-spacer\">\n\t\t\t<div class=\"elementor-spacer-inner\"><\/div>\n\t\t<\/div>\n\t\t\t\t\t\t<\/div>\n\t\t\t\t<div class=\"elementor-element elementor-element-8922ee5 elementor-widget elementor-widget-text-editor\" data-id=\"8922ee5\" data-element_type=\"widget\" data-widget_type=\"text-editor.default\">\n\t\t\t\t\t\t\t\t\t<p style=\"text-align: center;\" class=\"translation-block\"><span style=\"color: #3d557a;font-size: 15px\">Click <span style=\"color: #a72913\"><a style=\"color: #a72913\" href=\"mailto:cferreira19@unifesp.br\" target=\"_self\">here<\/a><\/span> and talk to us<\/span><\/p>\t\t\t\t\t\t\t\t<\/div>\n\t\t\t\t<\/div>\n\t\t<div class=\"elementor-element elementor-element-68160af e-con-full e-flex elementor-invisible e-con e-child\" data-id=\"68160af\" data-element_type=\"container\" data-settings=\"{&quot;animation&quot;:&quot;fadeInRight&quot;}\">\n\t\t\t\t<div class=\"elementor-element elementor-element-fbb90ff elementor-widget elementor-widget-heading\" data-id=\"fbb90ff\" data-element_type=\"widget\" data-widget_type=\"heading.default\">\n\t\t\t\t\t<h2 class=\"elementor-heading-title elementor-size-default\">Master's degree<\/h2>\t\t\t\t<\/div>\n\t\t\t\t<div class=\"elementor-element elementor-element-e7dd8d4 elementor-widget elementor-widget-image\" data-id=\"e7dd8d4\" data-element_type=\"widget\" data-widget_type=\"image.default\">\n\t\t\t\t\t\t\t\t\t\t\t\t\t\t\t<img decoding=\"async\" width=\"200\" height=\"200\" src=\"https:\/\/ferreiraslab.com\/wp-content\/uploads\/2025\/08\/Guia-de-Identidade-Visual-8.png\" class=\"attachment-large size-large wp-image-443\" alt=\"\" srcset=\"https:\/\/ferreiraslab.com\/wp-content\/uploads\/2025\/08\/Guia-de-Identidade-Visual-8.png 200w, https:\/\/ferreiraslab.com\/wp-content\/uploads\/2025\/08\/Guia-de-Identidade-Visual-8-150x150.png 150w\" sizes=\"(max-width: 200px) 100vw, 200px\" \/>\t\t\t\t\t\t\t\t\t\t\t\t\t\t\t<\/div>\n\t\t\t\t<div class=\"elementor-element elementor-element-0a135f9 elementor-hidden-desktop elementor-hidden-tablet elementor-widget elementor-widget-spacer\" data-id=\"0a135f9\" data-element_type=\"widget\" data-widget_type=\"spacer.default\">\n\t\t\t\t\t\t\t<div class=\"elementor-spacer\">\n\t\t\t<div class=\"elementor-spacer-inner\"><\/div>\n\t\t<\/div>\n\t\t\t\t\t\t<\/div>\n\t\t\t\t<div class=\"elementor-element elementor-element-2c17224 elementor-widget elementor-widget-text-editor\" data-id=\"2c17224\" data-element_type=\"widget\" data-widget_type=\"text-editor.default\">\n\t\t\t\t\t\t\t\t\t<p style=\"text-align: center;\" class=\"translation-block\"><span style=\"color: #3d557a;font-size: 15px\">Click <span style=\"color: #a72913\"><a style=\"color: #a72913\" href=\"mailto:cferreira19@unifesp.br\" target=\"_self\">here<\/a><\/span> and talk to us<\/span><\/p>\t\t\t\t\t\t\t\t<\/div>\n\t\t\t\t<\/div>\n\t\t<div class=\"elementor-element elementor-element-70e34d3 e-con-full e-flex elementor-invisible e-con e-child\" data-id=\"70e34d3\" data-element_type=\"container\" data-settings=\"{&quot;animation&quot;:&quot;fadeInLeft&quot;}\">\n\t\t\t\t<div class=\"elementor-element elementor-element-446618a elementor-widget elementor-widget-heading\" data-id=\"446618a\" data-element_type=\"widget\" data-widget_type=\"heading.default\">\n\t\t\t\t\t<h2 class=\"elementor-heading-title elementor-size-default\">Doctorate<\/h2>\t\t\t\t<\/div>\n\t\t\t\t<div class=\"elementor-element elementor-element-49fea6f elementor-widget elementor-widget-image\" data-id=\"49fea6f\" data-element_type=\"widget\" data-widget_type=\"image.default\">\n\t\t\t\t\t\t\t\t\t\t\t\t\t\t\t<img decoding=\"async\" width=\"200\" height=\"200\" src=\"https:\/\/ferreiraslab.com\/wp-content\/uploads\/2025\/08\/Guia-de-Identidade-Visual-11.png\" class=\"attachment-large size-large wp-image-446\" alt=\"\" srcset=\"https:\/\/ferreiraslab.com\/wp-content\/uploads\/2025\/08\/Guia-de-Identidade-Visual-11.png 200w, https:\/\/ferreiraslab.com\/wp-content\/uploads\/2025\/08\/Guia-de-Identidade-Visual-11-150x150.png 150w\" sizes=\"(max-width: 200px) 100vw, 200px\" \/>\t\t\t\t\t\t\t\t\t\t\t\t\t\t\t<\/div>\n\t\t\t\t<div class=\"elementor-element elementor-element-8c16448 elementor-hidden-desktop elementor-hidden-tablet elementor-widget elementor-widget-spacer\" data-id=\"8c16448\" data-element_type=\"widget\" data-widget_type=\"spacer.default\">\n\t\t\t\t\t\t\t<div class=\"elementor-spacer\">\n\t\t\t<div class=\"elementor-spacer-inner\"><\/div>\n\t\t<\/div>\n\t\t\t\t\t\t<\/div>\n\t\t\t\t<div class=\"elementor-element elementor-element-2448082 elementor-widget elementor-widget-text-editor\" data-id=\"2448082\" data-element_type=\"widget\" data-widget_type=\"text-editor.default\">\n\t\t\t\t\t\t\t\t\t<p style=\"text-align: center;\" class=\"translation-block\"><span style=\"color: #3d557a;font-size: 15px\">Click <span style=\"color: #a72913\"><a style=\"color: #a72913\" href=\"mailto:cferreira19@unifesp.br\" target=\"_self\">here<\/a><\/span> and talk to us<\/span><\/p>\t\t\t\t\t\t\t\t<\/div>\n\t\t\t\t<\/div>\n\t\t<div class=\"elementor-element elementor-element-e0f1cf8 e-con-full e-flex elementor-invisible e-con e-child\" data-id=\"e0f1cf8\" data-element_type=\"container\" data-settings=\"{&quot;animation&quot;:&quot;fadeInRight&quot;}\">\n\t\t\t\t<div class=\"elementor-element elementor-element-b48e245 elementor-widget elementor-widget-heading\" data-id=\"b48e245\" data-element_type=\"widget\" data-widget_type=\"heading.default\">\n\t\t\t\t\t<h2 class=\"elementor-heading-title elementor-size-default\">Post-Doctorate<\/h2>\t\t\t\t<\/div>\n\t\t\t\t<div class=\"elementor-element elementor-element-fca2843 elementor-widget elementor-widget-image\" data-id=\"fca2843\" data-element_type=\"widget\" data-widget_type=\"image.default\">\n\t\t\t\t\t\t\t\t\t\t\t\t\t\t\t<img loading=\"lazy\" decoding=\"async\" width=\"200\" height=\"200\" src=\"https:\/\/ferreiraslab.com\/wp-content\/uploads\/2025\/08\/Guia-de-Identidade-Visual-12.png\" class=\"attachment-large size-large wp-image-447\" alt=\"\" srcset=\"https:\/\/ferreiraslab.com\/wp-content\/uploads\/2025\/08\/Guia-de-Identidade-Visual-12.png 200w, https:\/\/ferreiraslab.com\/wp-content\/uploads\/2025\/08\/Guia-de-Identidade-Visual-12-150x150.png 150w\" sizes=\"(max-width: 200px) 100vw, 200px\" \/>\t\t\t\t\t\t\t\t\t\t\t\t\t\t\t<\/div>\n\t\t\t\t<div class=\"elementor-element elementor-element-13deeaa elementor-hidden-desktop elementor-hidden-tablet elementor-widget elementor-widget-spacer\" data-id=\"13deeaa\" data-element_type=\"widget\" data-widget_type=\"spacer.default\">\n\t\t\t\t\t\t\t<div class=\"elementor-spacer\">\n\t\t\t<div class=\"elementor-spacer-inner\"><\/div>\n\t\t<\/div>\n\t\t\t\t\t\t<\/div>\n\t\t\t\t<div class=\"elementor-element elementor-element-846e3ac elementor-widget elementor-widget-text-editor\" data-id=\"846e3ac\" data-element_type=\"widget\" data-widget_type=\"text-editor.default\">\n\t\t\t\t\t\t\t\t\t<p style=\"text-align: center;\" class=\"translation-block\"><span style=\"color: #3d557a;font-size: 15px\">Click <span style=\"color: #a72913\"><a style=\"color: #a72913\" href=\"mailto:cferreira19@unifesp.br\" target=\"_self\">here<\/a><\/span> and talk to us<\/span><\/p>\t\t\t\t\t\t\t\t<\/div>\n\t\t\t\t<div class=\"elementor-element elementor-element-e36f64f elementor-widget elementor-widget-spacer\" data-id=\"e36f64f\" data-element_type=\"widget\" data-widget_type=\"spacer.default\">\n\t\t\t\t\t\t\t<div class=\"elementor-spacer\">\n\t\t\t<div class=\"elementor-spacer-inner\"><\/div>\n\t\t<\/div>\n\t\t\t\t\t\t<\/div>\n\t\t\t\t<\/div>\n\t\t\t\t\t<\/div>\n\t\t\t\t<\/div>\n\t\t\t\t<\/div>","protected":false},"excerpt":{"rendered":"<p>Oportunidades Venha aprender e crescer na carreira conosco Venha aprender e crescer na carreira conosco Inicia\u00e7\u00e3o Cient\u00edfica Clique aqui e entre em contato conosco Mestrado Clique aqui e entre em contato conosco Doutorado Clique aqui e entre em contato conosco P\u00f3s &#8211; Doutorado Clique aqui e entre em contato conosco<\/p>","protected":false},"author":1,"featured_media":0,"parent":0,"menu_order":0,"comment_status":"closed","ping_status":"closed","template":"elementor_header_footer","meta":{"footnotes":""},"class_list":["post-20","page","type-page","status-publish","hentry"],"_links":{"self":[{"href":"https:\/\/ferreiraslab.com\/en\/wp-json\/wp\/v2\/pages\/20","targetHints":{"allow":["GET"]}}],"collection":[{"href":"https:\/\/ferreiraslab.com\/en\/wp-json\/wp\/v2\/pages"}],"about":[{"href":"https:\/\/ferreiraslab.com\/en\/wp-json\/wp\/v2\/types\/page"}],"author":[{"embeddable":true,"href":"https:\/\/ferreiraslab.com\/en\/wp-json\/wp\/v2\/users\/1"}],"replies":[{"embeddable":true,"href":"https:\/\/ferreiraslab.com\/en\/wp-json\/wp\/v2\/comments?post=20"}],"version-history":[{"count":91,"href":"https:\/\/ferreiraslab.com\/en\/wp-json\/wp\/v2\/pages\/20\/revisions"}],"predecessor-version":[{"id":1022,"href":"https:\/\/ferreiraslab.com\/en\/wp-json\/wp\/v2\/pages\/20\/revisions\/1022"}],"wp:attachment":[{"href":"https:\/\/ferreiraslab.com\/en\/wp-json\/wp\/v2\/media?parent=20"}],"curies":[{"name":"wp","href":"https:\/\/api.w.org\/{rel}","templated":true}]}}