{"id":22,"date":"2025-07-23T22:01:44","date_gmt":"2025-07-24T01:01:44","guid":{"rendered":"https:\/\/ferreiraslab.com\/?page_id=22"},"modified":"2025-11-21T12:23:42","modified_gmt":"2025-11-21T15:23:42","slug":"publicacoes","status":"publish","type":"page","link":"https:\/\/ferreiraslab.com\/en\/publicacoes\/","title":{"rendered":"Publications"},"content":{"rendered":"<div data-elementor-type=\"wp-page\" data-elementor-id=\"22\" class=\"elementor elementor-22\">\n\t\t\t\t<div class=\"elementor-element elementor-element-614b185 e-flex e-con-boxed e-con e-parent\" data-id=\"614b185\" data-element_type=\"container\">\n\t\t\t\t\t<div class=\"e-con-inner\">\n\t\t\t\t<div class=\"elementor-element elementor-element-03725cd elementor-widget elementor-widget-heading\" data-id=\"03725cd\" data-element_type=\"widget\" data-widget_type=\"heading.default\">\n\t\t\t\t\t<h1 class=\"elementor-heading-title elementor-size-default\">Publications<\/h1>\t\t\t\t<\/div>\n\t\t\t\t\t<\/div>\n\t\t\t\t<\/div>\n\t\t<div class=\"elementor-element elementor-element-c700d4b e-flex e-con-boxed elementor-invisible e-con e-parent\" data-id=\"c700d4b\" data-element_type=\"container\" data-settings=\"{&quot;animation&quot;:&quot;fadeInUp&quot;}\">\n\t\t\t\t\t<div class=\"e-con-inner\">\n\t\t<div class=\"elementor-element elementor-element-ccdd9b9 e-con-full e-flex e-con e-child\" data-id=\"ccdd9b9\" data-element_type=\"container\">\n\t\t\t\t<div class=\"elementor-element elementor-element-935c620 elementor-position-right elementor-vertical-align-middle elementor-widget-tablet__width-initial elementor-widget elementor-widget-image-box\" data-id=\"935c620\" data-element_type=\"widget\" data-widget_type=\"image-box.default\">\n\t\t\t\t\t<div class=\"elementor-image-box-wrapper\"><figure class=\"elementor-image-box-img\"><img fetchpriority=\"high\" decoding=\"async\" width=\"358\" height=\"341\" src=\"https:\/\/ferreiraslab.com\/wp-content\/uploads\/2025\/10\/Captura-de-tela-2025-10-16-170304.png\" class=\"attachment-full size-full wp-image-590\" alt=\"\" srcset=\"https:\/\/ferreiraslab.com\/wp-content\/uploads\/2025\/10\/Captura-de-tela-2025-10-16-170304.png 358w, https:\/\/ferreiraslab.com\/wp-content\/uploads\/2025\/10\/Captura-de-tela-2025-10-16-170304-300x286.png 300w, https:\/\/ferreiraslab.com\/wp-content\/uploads\/2025\/10\/Captura-de-tela-2025-10-16-170304-13x12.png 13w\" sizes=\"(max-width: 358px) 100vw, 358px\" \/><\/figure><div class=\"elementor-image-box-content\"><h3 class=\"elementor-image-box-title\">Harnessing the Farm Effect: Microbial Products for the Treatment and Prevention of Asthma Throughout Life<\/h3><p class=\"elementor-image-box-description\">This article is a literature review on the protective effects of rural environments on asthma and allergies. It describes important findings from the literature on how rural environments can modulate the microbiota and, consequently, the immune system. \n<\/p><\/div><\/div>\t\t\t\t<\/div>\n\t\t\t\t<div class=\"elementor-element elementor-element-055e505 elementor-align-center elementor-widget elementor-widget-button\" data-id=\"055e505\" data-element_type=\"widget\" data-widget_type=\"button.default\">\n\t\t\t\t\t\t\t\t\t\t<a class=\"elementor-button elementor-button-link elementor-size-sm\" href=\"https:\/\/doi.org\/10.1111\/imr.70012\">\n\t\t\t\t\t\t<span class=\"elementor-button-content-wrapper\">\n\t\t\t\t\t\t<span class=\"elementor-button-icon\">\n\t\t\t\t<svg aria-hidden=\"true\" class=\"e-font-icon-svg e-fas-share-square\" viewbox=\"0 0 576 512\" xmlns=\"http:\/\/www.w3.org\/2000\/svg\"><path d=\"M568.482 177.448L424.479 313.433C409.3 327.768 384 317.14 384 295.985v-71.963c-144.575.97-205.566 35.113-164.775 171.353 4.483 14.973-12.846 26.567-25.006 17.33C155.252 383.105 120 326.488 120 269.339c0-143.937 117.599-172.5 264-173.312V24.012c0-21.174 25.317-31.768 40.479-17.448l144.003 135.988c10.02 9.463 10.028 25.425 0 34.896zM384 379.128V448H64V128h50.916a11.99 11.99 0 0 0 8.648-3.693c14.953-15.568 32.237-27.89 51.014-37.676C185.708 80.83 181.584 64 169.033 64H48C21.49 64 0 85.49 0 112v352c0 26.51 21.49 48 48 48h352c26.51 0 48-21.49 48-48v-88.806c0-8.288-8.197-14.066-16.011-11.302a71.83 71.83 0 0 1-34.189 3.377c-7.27-1.046-13.8 4.514-13.8 11.859z\"><\/path><\/svg>\t\t\t<\/span>\n\t\t\t\t\t\t\t\t\t<span class=\"elementor-button-text\">DOI<\/span>\n\t\t\t\t\t<\/span>\n\t\t\t\t\t<\/a>\n\t\t\t\t\t\t\t\t<\/div>\n\t\t\t\t<\/div>\n\t\t<div class=\"elementor-element elementor-element-4bc0b08 e-con-full e-flex e-con e-child\" data-id=\"4bc0b08\" data-element_type=\"container\">\n\t\t\t\t<div class=\"elementor-element elementor-element-e7dc66e elementor-position-right elementor-vertical-align-middle elementor-widget elementor-widget-image-box\" data-id=\"e7dc66e\" data-element_type=\"widget\" data-widget_type=\"image-box.default\">\n\t\t\t\t\t<div class=\"elementor-image-box-wrapper\"><figure class=\"elementor-image-box-img\"><img decoding=\"async\" width=\"429\" height=\"442\" src=\"https:\/\/ferreiraslab.com\/wp-content\/uploads\/2025\/10\/Captura-de-tela-2025-10-16-165926.png\" class=\"attachment-full size-full wp-image-589\" alt=\"\" srcset=\"https:\/\/ferreiraslab.com\/wp-content\/uploads\/2025\/10\/Captura-de-tela-2025-10-16-165926.png 429w, https:\/\/ferreiraslab.com\/wp-content\/uploads\/2025\/10\/Captura-de-tela-2025-10-16-165926-291x300.png 291w, https:\/\/ferreiraslab.com\/wp-content\/uploads\/2025\/10\/Captura-de-tela-2025-10-16-165926-12x12.png 12w\" sizes=\"(max-width: 429px) 100vw, 429px\" \/><\/figure><div class=\"elementor-image-box-content\"><h3 class=\"elementor-image-box-title\">A probiotic has differential effects on allergic airway inflammation in A\/J and C57BL\/6 mice and is correlated with the gut microbiome<\/h3><p class=\"elementor-image-box-description\">This was one of the most important articles from our group. At a time when probiotics are widely available on supermarket shelves and consumed indiscriminately, we demonstrated, using an experimental model, that uncontrolled probiotic use in allergic asthma can have distinct effects: beneficial for some individuals, but potentially harmful for others.<\/p><\/div><\/div>\t\t\t\t<\/div>\n\t\t\t\t<div class=\"elementor-element elementor-element-11bb627 elementor-align-center elementor-widget elementor-widget-button\" data-id=\"11bb627\" data-element_type=\"widget\" data-widget_type=\"button.default\">\n\t\t\t\t\t\t\t\t\t\t<a class=\"elementor-button elementor-button-link elementor-size-sm\" href=\"https:\/\/doi.org\/10.1186\/s40168-021-01081-2%20\">\n\t\t\t\t\t\t<span class=\"elementor-button-content-wrapper\">\n\t\t\t\t\t\t<span class=\"elementor-button-icon\">\n\t\t\t\t<svg aria-hidden=\"true\" class=\"e-font-icon-svg e-fas-share-square\" viewbox=\"0 0 576 512\" xmlns=\"http:\/\/www.w3.org\/2000\/svg\"><path d=\"M568.482 177.448L424.479 313.433C409.3 327.768 384 317.14 384 295.985v-71.963c-144.575.97-205.566 35.113-164.775 171.353 4.483 14.973-12.846 26.567-25.006 17.33C155.252 383.105 120 326.488 120 269.339c0-143.937 117.599-172.5 264-173.312V24.012c0-21.174 25.317-31.768 40.479-17.448l144.003 135.988c10.02 9.463 10.028 25.425 0 34.896zM384 379.128V448H64V128h50.916a11.99 11.99 0 0 0 8.648-3.693c14.953-15.568 32.237-27.89 51.014-37.676C185.708 80.83 181.584 64 169.033 64H48C21.49 64 0 85.49 0 112v352c0 26.51 21.49 48 48 48h352c26.51 0 48-21.49 48-48v-88.806c0-8.288-8.197-14.066-16.011-11.302a71.83 71.83 0 0 1-34.189 3.377c-7.27-1.046-13.8 4.514-13.8 11.859z\"><\/path><\/svg>\t\t\t<\/span>\n\t\t\t\t\t\t\t\t\t<span class=\"elementor-button-text\">DOI<\/span>\n\t\t\t\t\t<\/span>\n\t\t\t\t\t<\/a>\n\t\t\t\t\t\t\t\t<\/div>\n\t\t\t\t<\/div>\n\t\t\t\t\t<\/div>\n\t\t\t\t<\/div>\n\t\t<div class=\"elementor-element elementor-element-10803c8 e-flex e-con-boxed elementor-invisible e-con e-parent\" data-id=\"10803c8\" data-element_type=\"container\" data-settings=\"{&quot;animation&quot;:&quot;fadeInUp&quot;}\">\n\t\t\t\t\t<div class=\"e-con-inner\">\n\t\t<div class=\"elementor-element elementor-element-7131f47 e-con-full e-flex e-con e-child\" data-id=\"7131f47\" data-element_type=\"container\">\n\t\t\t\t<div class=\"elementor-element elementor-element-53bfa46 elementor-vertical-align-middle elementor-widget elementor-widget-image-box\" data-id=\"53bfa46\" data-element_type=\"widget\" data-widget_type=\"image-box.default\">\n\t\t\t\t\t<div class=\"elementor-image-box-wrapper\"><div class=\"elementor-image-box-content\"><h3 class=\"elementor-image-box-title\">Prophylactic Supplementation of Bifidobacterium longum 51A Protects Mice from Ovariectomy-Induced Exacerbated Allergic Airway Inflammation and Airway Hyperresponsiveness<\/h3><p class=\"elementor-image-box-description\">This article demonstrates that an acetate-producing probiotic can prevent asthma exacerbation during menopause. In addition, we present a novel experimental model for studying asthma exacerbation in this context.<br><br><br><\/p><\/div><\/div>\t\t\t\t<\/div>\n\t\t\t\t<div class=\"elementor-element elementor-element-7454ddf elementor-align-center elementor-widget elementor-widget-button\" data-id=\"7454ddf\" data-element_type=\"widget\" data-widget_type=\"button.default\">\n\t\t\t\t\t\t\t\t\t\t<a class=\"elementor-button elementor-button-link elementor-size-sm\" href=\"https:\/\/doi.org\/10.3389\/fmicb.2017.01732%20\">\n\t\t\t\t\t\t<span class=\"elementor-button-content-wrapper\">\n\t\t\t\t\t\t<span class=\"elementor-button-icon\">\n\t\t\t\t<svg aria-hidden=\"true\" class=\"e-font-icon-svg e-fas-share-square\" viewbox=\"0 0 576 512\" xmlns=\"http:\/\/www.w3.org\/2000\/svg\"><path d=\"M568.482 177.448L424.479 313.433C409.3 327.768 384 317.14 384 295.985v-71.963c-144.575.97-205.566 35.113-164.775 171.353 4.483 14.973-12.846 26.567-25.006 17.33C155.252 383.105 120 326.488 120 269.339c0-143.937 117.599-172.5 264-173.312V24.012c0-21.174 25.317-31.768 40.479-17.448l144.003 135.988c10.02 9.463 10.028 25.425 0 34.896zM384 379.128V448H64V128h50.916a11.99 11.99 0 0 0 8.648-3.693c14.953-15.568 32.237-27.89 51.014-37.676C185.708 80.83 181.584 64 169.033 64H48C21.49 64 0 85.49 0 112v352c0 26.51 21.49 48 48 48h352c26.51 0 48-21.49 48-48v-88.806c0-8.288-8.197-14.066-16.011-11.302a71.83 71.83 0 0 1-34.189 3.377c-7.27-1.046-13.8 4.514-13.8 11.859z\"><\/path><\/svg>\t\t\t<\/span>\n\t\t\t\t\t\t\t\t\t<span class=\"elementor-button-text\">DOI<\/span>\n\t\t\t\t\t<\/span>\n\t\t\t\t\t<\/a>\n\t\t\t\t\t\t\t\t<\/div>\n\t\t\t\t<\/div>\n\t\t<div class=\"elementor-element elementor-element-05acc0c e-con-full e-flex e-con e-child\" data-id=\"05acc0c\" data-element_type=\"container\">\n\t\t\t\t<div class=\"elementor-element elementor-element-ec00406 elementor-vertical-align-middle elementor-widget elementor-widget-image-box\" data-id=\"ec00406\" data-element_type=\"widget\" data-widget_type=\"image-box.default\">\n\t\t\t\t\t<div class=\"elementor-image-box-wrapper\"><div class=\"elementor-image-box-content\"><h3 class=\"elementor-image-box-title\">Exogenous acetate mitigates later enhanced allergic airway inflammation in a menopausal mouse model<\/h3><p class=\"elementor-image-box-description\">In this article, we demonstrated that the administration of exogenous acetate can reduce asthma exacerbation during menopause in an experimental model. Acetate, a short-chain fatty acid produced by the gut microbiota, is able to reach the lungs. In our study, we observed that preventive treatment with acetate exerted a beneficial effect on lung health.\n<br><br><br><\/p><\/div><\/div>\t\t\t\t<\/div>\n\t\t\t\t<div class=\"elementor-element elementor-element-93a474f elementor-align-center elementor-widget elementor-widget-button\" data-id=\"93a474f\" data-element_type=\"widget\" data-widget_type=\"button.default\">\n\t\t\t\t\t\t\t\t\t\t<a class=\"elementor-button elementor-button-link elementor-size-sm\" href=\"https:\/\/doi.org\/10.3389\/fcimb.2025.1543822%20\">\n\t\t\t\t\t\t<span class=\"elementor-button-content-wrapper\">\n\t\t\t\t\t\t<span class=\"elementor-button-icon\">\n\t\t\t\t<svg aria-hidden=\"true\" class=\"e-font-icon-svg e-fas-share-square\" viewbox=\"0 0 576 512\" xmlns=\"http:\/\/www.w3.org\/2000\/svg\"><path d=\"M568.482 177.448L424.479 313.433C409.3 327.768 384 317.14 384 295.985v-71.963c-144.575.97-205.566 35.113-164.775 171.353 4.483 14.973-12.846 26.567-25.006 17.33C155.252 383.105 120 326.488 120 269.339c0-143.937 117.599-172.5 264-173.312V24.012c0-21.174 25.317-31.768 40.479-17.448l144.003 135.988c10.02 9.463 10.028 25.425 0 34.896zM384 379.128V448H64V128h50.916a11.99 11.99 0 0 0 8.648-3.693c14.953-15.568 32.237-27.89 51.014-37.676C185.708 80.83 181.584 64 169.033 64H48C21.49 64 0 85.49 0 112v352c0 26.51 21.49 48 48 48h352c26.51 0 48-21.49 48-48v-88.806c0-8.288-8.197-14.066-16.011-11.302a71.83 71.83 0 0 1-34.189 3.377c-7.27-1.046-13.8 4.514-13.8 11.859z\"><\/path><\/svg>\t\t\t<\/span>\n\t\t\t\t\t\t\t\t\t<span class=\"elementor-button-text\">DOI<\/span>\n\t\t\t\t\t<\/span>\n\t\t\t\t\t<\/a>\n\t\t\t\t\t\t\t\t<\/div>\n\t\t\t\t<\/div>\n\t\t\t\t\t<\/div>\n\t\t\t\t<\/div>\n\t\t<div class=\"elementor-element elementor-element-ebb9cd2 e-flex e-con-boxed elementor-invisible e-con e-parent\" data-id=\"ebb9cd2\" data-element_type=\"container\" data-settings=\"{&quot;animation&quot;:&quot;fadeInUp&quot;}\">\n\t\t\t\t\t<div class=\"e-con-inner\">\n\t\t<div class=\"elementor-element elementor-element-d2c4e40 e-con-full e-flex e-con e-child\" data-id=\"d2c4e40\" data-element_type=\"container\">\n\t\t\t\t<div class=\"elementor-element elementor-element-1457098 elementor-vertical-align-middle elementor-widget elementor-widget-image-box\" data-id=\"1457098\" data-element_type=\"widget\" data-widget_type=\"image-box.default\">\n\t\t\t\t\t<div class=\"elementor-image-box-wrapper\"><div class=\"elementor-image-box-content\"><h3 class=\"elementor-image-box-title\">Microbiota derived short chain fatty acids promote histone crotonylation in the colon through histone deacetylases<\/h3><p class=\"elementor-image-box-description\">Esse estudo mostra uma \"conversa\" entre a microbiota intestinal e o epit\u00e9lio do intestino. Descreve a crotonila\u00e7\u00e3o de histonas no intestino, uma mudan\u00e7a epigen\u00e9tica, modulada pela produ\u00e7\u00e3o de \u00e1cidos graxos de cadeia curta produzidos pela microbiota intestinal. <br><br><\/p><\/div><\/div>\t\t\t\t<\/div>\n\t\t\t\t<div class=\"elementor-element elementor-element-1debaea elementor-align-center elementor-widget elementor-widget-button\" data-id=\"1debaea\" data-element_type=\"widget\" data-widget_type=\"button.default\">\n\t\t\t\t\t\t\t\t\t\t<a class=\"elementor-button elementor-button-link elementor-size-sm\" href=\"https:\/\/doi.org\/10.1038\/s41467-017-02651-5%20\">\n\t\t\t\t\t\t<span class=\"elementor-button-content-wrapper\">\n\t\t\t\t\t\t<span class=\"elementor-button-icon\">\n\t\t\t\t<svg aria-hidden=\"true\" class=\"e-font-icon-svg e-fas-share-square\" viewbox=\"0 0 576 512\" xmlns=\"http:\/\/www.w3.org\/2000\/svg\"><path d=\"M568.482 177.448L424.479 313.433C409.3 327.768 384 317.14 384 295.985v-71.963c-144.575.97-205.566 35.113-164.775 171.353 4.483 14.973-12.846 26.567-25.006 17.33C155.252 383.105 120 326.488 120 269.339c0-143.937 117.599-172.5 264-173.312V24.012c0-21.174 25.317-31.768 40.479-17.448l144.003 135.988c10.02 9.463 10.028 25.425 0 34.896zM384 379.128V448H64V128h50.916a11.99 11.99 0 0 0 8.648-3.693c14.953-15.568 32.237-27.89 51.014-37.676C185.708 80.83 181.584 64 169.033 64H48C21.49 64 0 85.49 0 112v352c0 26.51 21.49 48 48 48h352c26.51 0 48-21.49 48-48v-88.806c0-8.288-8.197-14.066-16.011-11.302a71.83 71.83 0 0 1-34.189 3.377c-7.27-1.046-13.8 4.514-13.8 11.859z\"><\/path><\/svg>\t\t\t<\/span>\n\t\t\t\t\t\t\t\t\t<span class=\"elementor-button-text\">DOI<\/span>\n\t\t\t\t\t<\/span>\n\t\t\t\t\t<\/a>\n\t\t\t\t\t\t\t\t<\/div>\n\t\t\t\t<\/div>\n\t\t<div class=\"elementor-element elementor-element-d7c067d e-con-full e-flex e-con e-child\" data-id=\"d7c067d\" data-element_type=\"container\">\n\t\t\t\t<div class=\"elementor-element elementor-element-dfe8111 elementor-vertical-align-middle elementor-widget elementor-widget-image-box\" data-id=\"dfe8111\" data-element_type=\"widget\" data-widget_type=\"image-box.default\">\n\t\t\t\t\t<div class=\"elementor-image-box-wrapper\"><div class=\"elementor-image-box-content\"><h3 class=\"elementor-image-box-title\">Allergen Exposure in Lymphopenic Fas-Deficient Mice Results in Persistent Eosinophilia Due to Defects in Resolution of Inflammation<\/h3><p class=\"elementor-image-box-description\">Overall, our results suggest that in humans, a temporary decrease in certain types of immune cells (lymphocytes), as well as individual characteristics such as genetic variations in a gene called Fas, can significantly influence how the body responds to inflammation in the lungs.\n<\/p><\/div><\/div>\t\t\t\t<\/div>\n\t\t\t\t<div class=\"elementor-element elementor-element-5d2807f elementor-align-center elementor-widget elementor-widget-button\" data-id=\"5d2807f\" data-element_type=\"widget\" data-widget_type=\"button.default\">\n\t\t\t\t\t\t\t\t\t\t<a class=\"elementor-button elementor-button-link elementor-size-sm\" href=\"https:\/\/doi.org\/10.3389\/fimmu.2018.02395%20\">\n\t\t\t\t\t\t<span class=\"elementor-button-content-wrapper\">\n\t\t\t\t\t\t<span class=\"elementor-button-icon\">\n\t\t\t\t<svg aria-hidden=\"true\" class=\"e-font-icon-svg e-fas-share-square\" viewbox=\"0 0 576 512\" xmlns=\"http:\/\/www.w3.org\/2000\/svg\"><path d=\"M568.482 177.448L424.479 313.433C409.3 327.768 384 317.14 384 295.985v-71.963c-144.575.97-205.566 35.113-164.775 171.353 4.483 14.973-12.846 26.567-25.006 17.33C155.252 383.105 120 326.488 120 269.339c0-143.937 117.599-172.5 264-173.312V24.012c0-21.174 25.317-31.768 40.479-17.448l144.003 135.988c10.02 9.463 10.028 25.425 0 34.896zM384 379.128V448H64V128h50.916a11.99 11.99 0 0 0 8.648-3.693c14.953-15.568 32.237-27.89 51.014-37.676C185.708 80.83 181.584 64 169.033 64H48C21.49 64 0 85.49 0 112v352c0 26.51 21.49 48 48 48h352c26.51 0 48-21.49 48-48v-88.806c0-8.288-8.197-14.066-16.011-11.302a71.83 71.83 0 0 1-34.189 3.377c-7.27-1.046-13.8 4.514-13.8 11.859z\"><\/path><\/svg>\t\t\t<\/span>\n\t\t\t\t\t\t\t\t\t<span class=\"elementor-button-text\">DOI<\/span>\n\t\t\t\t\t<\/span>\n\t\t\t\t\t<\/a>\n\t\t\t\t\t\t\t\t<\/div>\n\t\t\t\t<\/div>\n\t\t\t\t\t<\/div>\n\t\t\t\t<\/div>\n\t\t<div class=\"elementor-element elementor-element-6f01182 e-flex e-con-boxed elementor-invisible e-con e-parent\" data-id=\"6f01182\" data-element_type=\"container\" data-settings=\"{&quot;animation&quot;:&quot;fadeInUp&quot;}\">\n\t\t\t\t\t<div class=\"e-con-inner\">\n\t\t<div class=\"elementor-element elementor-element-9ad6808 e-con-full e-flex e-con e-child\" data-id=\"9ad6808\" data-element_type=\"container\" data-settings=\"{&quot;background_background&quot;:&quot;classic&quot;}\">\n\t\t<div class=\"elementor-element elementor-element-2c8ecd4 e-con-full e-flex e-con e-child\" data-id=\"2c8ecd4\" data-element_type=\"container\" data-settings=\"{&quot;background_background&quot;:&quot;classic&quot;}\">\n\t\t\t\t<div class=\"elementor-element elementor-element-9087087 elementor-widget elementor-widget-heading\" data-id=\"9087087\" data-element_type=\"widget\" data-widget_type=\"heading.default\">\n\t\t\t\t\t<h2 class=\"elementor-heading-title elementor-size-default\">Complete list of published work in:<\/h2>\t\t\t\t<\/div>\n\t\t\t\t<\/div>\n\t\t\t\t<\/div>\n\t\t<div class=\"elementor-element elementor-element-21e03b1 e-grid e-con-full e-con e-child\" data-id=\"21e03b1\" data-element_type=\"container\">\n\t\t\t\t<div class=\"elementor-element elementor-element-8e83678 elementor-align-center elementor-widget elementor-widget-button\" data-id=\"8e83678\" data-element_type=\"widget\" data-widget_type=\"button.default\">\n\t\t\t\t\t\t\t\t\t\t<a class=\"elementor-button elementor-button-link elementor-size-sm\" href=\"http:\/\/lattes.cnpq.br\/2611231931842917\">\n\t\t\t\t\t\t<span class=\"elementor-button-content-wrapper\">\n\t\t\t\t\t\t\t\t\t<span class=\"elementor-button-text\">Lattes CV<\/span>\n\t\t\t\t\t<\/span>\n\t\t\t\t\t<\/a>\n\t\t\t\t\t\t\t\t<\/div>\n\t\t\t\t<div class=\"elementor-element elementor-element-9114bfb elementor-hidden-mobile elementor-view-default elementor-widget elementor-widget-icon\" data-id=\"9114bfb\" data-element_type=\"widget\" data-widget_type=\"icon.default\">\n\t\t\t\t\t\t\t<div class=\"elementor-icon-wrapper\">\n\t\t\t<div class=\"elementor-icon\">\n\t\t\t<svg aria-hidden=\"true\" class=\"e-font-icon-svg e-fab-first-order-alt\" viewbox=\"0 0 496 512\" xmlns=\"http:\/\/www.w3.org\/2000\/svg\"><path d=\"M248 8C111.03 8 0 119.03 0 256s111.03 248 248 248 248-111.03 248-248S384.97 8 248 8zm0 488.21C115.34 496.21 7.79 388.66 7.79 256S115.34 15.79 248 15.79 488.21 123.34 488.21 256 380.66 496.21 248 496.21zm0-459.92C126.66 36.29 28.29 134.66 28.29 256S126.66 475.71 248 475.71 467.71 377.34 467.71 256 369.34 36.29 248 36.29zm0 431.22c-116.81 0-211.51-94.69-211.51-211.51S131.19 44.49 248 44.49 459.51 139.19 459.51 256 364.81 467.51 248 467.51zm186.23-162.98a191.613 191.613 0 0 1-20.13 48.69l-74.13-35.88 61.48 54.82a193.515 193.515 0 0 1-37.2 37.29l-54.8-61.57 35.88 74.27a190.944 190.944 0 0 1-48.63 20.23l-27.29-78.47 4.79 82.93c-8.61 1.18-17.4 1.8-26.33 1.8s-17.72-.62-26.33-1.8l4.76-82.46-27.15 78.03a191.365 191.365 0 0 1-48.65-20.2l35.93-74.34-54.87 61.64a193.85 193.85 0 0 1-37.22-37.28l61.59-54.9-74.26 35.93a191.638 191.638 0 0 1-20.14-48.69l77.84-27.11-82.23 4.76c-1.16-8.57-1.78-17.32-1.78-26.21 0-9 .63-17.84 1.82-26.51l82.38 4.77-77.94-27.16a191.726 191.726 0 0 1 20.23-48.67l74.22 35.92-61.52-54.86a193.85 193.85 0 0 1 37.28-37.22l54.76 61.53-35.83-74.17a191.49 191.49 0 0 1 48.65-20.13l26.87 77.25-4.71-81.61c8.61-1.18 17.39-1.8 26.32-1.8s17.71.62 26.32 1.8l-4.74 82.16 27.05-77.76c17.27 4.5 33.6 11.35 48.63 20.17l-35.82 74.12 54.72-61.47a193.13 193.13 0 0 1 37.24 37.23l-61.45 54.77 74.12-35.86a191.515 191.515 0 0 1 20.2 48.65l-77.81 27.1 82.24-4.75c1.19 8.66 1.82 17.5 1.82 26.49 0 8.88-.61 17.63-1.78 26.19l-82.12-4.75 77.72 27.09z\"><\/path><\/svg>\t\t\t<\/div>\n\t\t<\/div>\n\t\t\t\t\t\t<\/div>\n\t\t\t\t<div class=\"elementor-element elementor-element-4421600 elementor-align-center elementor-widget elementor-widget-button\" data-id=\"4421600\" data-element_type=\"widget\" data-widget_type=\"button.default\">\n\t\t\t\t\t\t\t\t\t\t<a class=\"elementor-button elementor-button-link elementor-size-sm\" href=\"https:\/\/scholar.google.com\/citations?hl=pt-BR&#038;user=QpJIBHsAAAAJ&#038;view_op=list_works\">\n\t\t\t\t\t\t<span class=\"elementor-button-content-wrapper\">\n\t\t\t\t\t\t\t\t\t<span class=\"elementor-button-text\">Google Scholar <\/span>\n\t\t\t\t\t<\/span>\n\t\t\t\t\t<\/a>\n\t\t\t\t\t\t\t\t<\/div>\n\t\t\t\t<\/div>\n\t\t\t\t\t<\/div>\n\t\t\t\t<\/div>\n\t\t<div class=\"elementor-element elementor-element-4128dac e-con-full e-flex elementor-invisible e-con e-parent\" data-id=\"4128dac\" data-element_type=\"container\" data-settings=\"{&quot;animation&quot;:&quot;fadeInUp&quot;}\">\n\t\t\t\t<div class=\"elementor-element elementor-element-7e91c25 elementor-widget-divider--view-line elementor-widget elementor-widget-divider\" data-id=\"7e91c25\" data-element_type=\"widget\" data-widget_type=\"divider.default\">\n\t\t\t\t\t\t\t<div class=\"elementor-divider\">\n\t\t\t<span class=\"elementor-divider-separator\">\n\t\t\t\t\t\t<\/span>\n\t\t<\/div>\n\t\t\t\t\t\t<\/div>\n\t\t\t\t<\/div>\n\t\t<div class=\"elementor-element elementor-element-ce10bfb e-flex e-con-boxed e-con e-parent\" data-id=\"ce10bfb\" data-element_type=\"container\" data-settings=\"{&quot;shape_divider_top&quot;:&quot;mountains&quot;,&quot;shape_divider_bottom&quot;:&quot;opacity-tilt&quot;}\">\n\t\t\t\t\t<div class=\"e-con-inner\">\n\t\t\t\t<div class=\"elementor-shape elementor-shape-top\" aria-hidden=\"true\" data-negative=\"false\">\n\t\t\t<svg xmlns=\"http:\/\/www.w3.org\/2000\/svg\" viewbox=\"0 0 1000 100\" preserveaspectratio=\"none\">\n\t<path class=\"elementor-shape-fill\" opacity=\"0.33\" d=\"M473,67.3c-203.9,88.3-263.1-34-320.3,0C66,119.1,0,59.7,0,59.7V0h1000v59.7 c0,0-62.1,26.1-94.9,29.3c-32.8,3.3-62.8-12.3-75.8-22.1C806,49.6,745.3,8.7,694.9,4.7S492.4,59,473,67.3z\"\/>\n\t<path class=\"elementor-shape-fill\" opacity=\"0.66\" d=\"M734,67.3c-45.5,0-77.2-23.2-129.1-39.1c-28.6-8.7-150.3-10.1-254,39.1 s-91.7-34.4-149.2,0C115.7,118.3,0,39.8,0,39.8V0h1000v36.5c0,0-28.2-18.5-92.1-18.5C810.2,18.1,775.7,67.3,734,67.3z\"\/>\n\t<path class=\"elementor-shape-fill\" d=\"M766.1,28.9c-200-57.5-266,65.5-395.1,19.5C242,1.8,242,5.4,184.8,20.6C128,35.8,132.3,44.9,89.9,52.5C28.6,63.7,0,0,0,0 h1000c0,0-9.9,40.9-83.6,48.1S829.6,47,766.1,28.9z\"\/>\n<\/svg>\t\t<\/div>\n\t\t\t\t<div class=\"elementor-shape elementor-shape-bottom\" aria-hidden=\"true\" data-negative=\"false\">\n\t\t\t<svg xmlns=\"http:\/\/www.w3.org\/2000\/svg\" viewbox=\"0 0 2600 131.1\" preserveaspectratio=\"none\">\n\t<path class=\"elementor-shape-fill\" d=\"M0 0L2600 0 2600 69.1 0 0z\"\/>\n\t<path class=\"elementor-shape-fill\" style=\"opacity:0.5\" d=\"M0 0L2600 0 2600 69.1 0 69.1z\"\/>\n\t<path class=\"elementor-shape-fill\" style=\"opacity:0.25\" d=\"M2600 0L0 0 0 130.1 2600 69.1z\"\/>\n<\/svg>\t\t<\/div>\n\t\t\t\t<div class=\"elementor-element elementor-element-1a1b825 elementor-widget elementor-widget-spacer\" data-id=\"1a1b825\" data-element_type=\"widget\" data-widget_type=\"spacer.default\">\n\t\t\t\t\t\t\t<div class=\"elementor-spacer\">\n\t\t\t<div class=\"elementor-spacer-inner\"><\/div>\n\t\t<\/div>\n\t\t\t\t\t\t<\/div>\n\t\t\t\t\t<\/div>\n\t\t\t\t<\/div>\n\t\t\t\t<\/div>","protected":false},"excerpt":{"rendered":"<p>Publica\u00e7\u00f5es Harnessing the Farm Effect: Microbial Products for the Treatment and Prevention of Asthma Throughout Life Esse artigo se trata de uma revis\u00e3o da literatura sobre os efeitos protetores do meio rural na asma e alergias. Descreve importantes achados da literatura de como o meio ambiente rural pode modular a microbiota e consequentemente o sistema [&hellip;]<\/p>","protected":false},"author":1,"featured_media":0,"parent":0,"menu_order":0,"comment_status":"closed","ping_status":"closed","template":"elementor_header_footer","meta":{"footnotes":""},"class_list":["post-22","page","type-page","status-publish","hentry"],"_links":{"self":[{"href":"https:\/\/ferreiraslab.com\/en\/wp-json\/wp\/v2\/pages\/22","targetHints":{"allow":["GET"]}}],"collection":[{"href":"https:\/\/ferreiraslab.com\/en\/wp-json\/wp\/v2\/pages"}],"about":[{"href":"https:\/\/ferreiraslab.com\/en\/wp-json\/wp\/v2\/types\/page"}],"author":[{"embeddable":true,"href":"https:\/\/ferreiraslab.com\/en\/wp-json\/wp\/v2\/users\/1"}],"replies":[{"embeddable":true,"href":"https:\/\/ferreiraslab.com\/en\/wp-json\/wp\/v2\/comments?post=22"}],"version-history":[{"count":84,"href":"https:\/\/ferreiraslab.com\/en\/wp-json\/wp\/v2\/pages\/22\/revisions"}],"predecessor-version":[{"id":1008,"href":"https:\/\/ferreiraslab.com\/en\/wp-json\/wp\/v2\/pages\/22\/revisions\/1008"}],"wp:attachment":[{"href":"https:\/\/ferreiraslab.com\/en\/wp-json\/wp\/v2\/media?parent=22"}],"curies":[{"name":"wp","href":"https:\/\/api.w.org\/{rel}","templated":true}]}}