{"id":24,"date":"2025-07-23T22:01:58","date_gmt":"2025-07-24T01:01:58","guid":{"rendered":"https:\/\/ferreiraslab.com\/?page_id=24"},"modified":"2025-10-27T11:25:48","modified_gmt":"2025-10-27T14:25:48","slug":"blog","status":"publish","type":"page","link":"https:\/\/ferreiraslab.com\/en\/blog\/","title":{"rendered":"Blog"},"content":{"rendered":"<div data-elementor-type=\"wp-page\" data-elementor-id=\"24\" class=\"elementor elementor-24\">\n\t\t\t\t<div class=\"elementor-element elementor-element-c622696 e-flex e-con-boxed elementor-invisible e-con e-parent\" data-id=\"c622696\" data-element_type=\"container\" data-settings=\"{&quot;animation&quot;:&quot;fadeInUp&quot;}\">\n\t\t\t\t\t<div class=\"e-con-inner\">\n\t\t\t\t<div class=\"elementor-element elementor-element-11f743c elementor-widget elementor-widget-heading\" data-id=\"11f743c\" data-element_type=\"widget\" data-widget_type=\"heading.default\">\n\t\t\t\t\t<h1 class=\"elementor-heading-title elementor-size-default\">Blog<\/h1>\t\t\t\t<\/div>\n\t\t<div class=\"elementor-element elementor-element-b36c8f8 e-con-full e-flex e-con e-child\" data-id=\"b36c8f8\" data-element_type=\"container\">\n\t\t<div class=\"elementor-element elementor-element-9d4d988 e-con-full e-flex e-con e-child\" data-id=\"9d4d988\" data-element_type=\"container\" data-settings=\"{&quot;background_background&quot;:&quot;classic&quot;}\">\n\t\t\t\t<div class=\"elementor-element elementor-element-1f6ec99 elementor-widget elementor-widget-heading\" data-id=\"1f6ec99\" data-element_type=\"widget\" data-widget_type=\"heading.default\">\n\t\t\t\t\t<h2 class=\"elementor-heading-title elementor-size-default\">Science is constantly evolving. Stay up to date on our blog.<\/h2>\t\t\t\t<\/div>\n\t\t\t\t<\/div>\n\t\t\t\t<\/div>\n\t\t\t\t\t<\/div>\n\t\t\t\t<\/div>\n\t\t<div class=\"elementor-element elementor-element-dcecc01 e-flex e-con-boxed elementor-invisible e-con e-parent\" data-id=\"dcecc01\" data-element_type=\"container\" data-settings=\"{&quot;shape_divider_bottom&quot;:&quot;opacity-tilt&quot;,&quot;animation&quot;:&quot;fadeInUp&quot;}\">\n\t\t\t\t\t<div class=\"e-con-inner\">\n\t\t\t\t<div class=\"elementor-shape elementor-shape-bottom\" aria-hidden=\"true\" data-negative=\"false\">\n\t\t\t<svg xmlns=\"http:\/\/www.w3.org\/2000\/svg\" viewbox=\"0 0 2600 131.1\" preserveaspectratio=\"none\">\n\t<path class=\"elementor-shape-fill\" d=\"M0 0L2600 0 2600 69.1 0 0z\"\/>\n\t<path class=\"elementor-shape-fill\" style=\"opacity:0.5\" d=\"M0 0L2600 0 2600 69.1 0 69.1z\"\/>\n\t<path class=\"elementor-shape-fill\" style=\"opacity:0.25\" d=\"M2600 0L0 0 0 130.1 2600 69.1z\"\/>\n<\/svg>\t\t<\/div>\n\t\t\t\t<div class=\"elementor-element elementor-element-76010cc elementor-widget elementor-widget-hfe-basic-posts\" data-id=\"76010cc\" data-element_type=\"widget\" data-widget_type=\"hfe-basic-posts.default\">\n\t\t\t\t<div class=\"elementor-widget-container\">\n\t\t\t\t\t\n<div class=\"hfe-posts-grid\">\n\t\t\t<article class=\"hfe-post-card\">\n\t\t\t\n\t\t\t<div class=\"hfe-post-content\">\n\t\t\t\t\t\t\t\t\t<h1 class=\"hfe-post-title\">\n\t\t\t\t\t\t<a href=\"https:\/\/ferreiraslab.com\/en\/as_celulas_que_mantem_o_equilibrio_do_nosso_sistema_imunologico\/\" rel=\"bookmark\">\n\t\t\t\t\t\t\tAs c\u00e9lulas que mant\u00eam o equil\u00edbrio do nosso sistema imunol\u00f3gico\t\t\t\t\t\t<\/a>\n\t\t\t\t\t<\/h1>\n\t\t\t\t\n\t\t\t\t\t\t\t\t\t<div class=\"hfe-post-meta\">\n\t\t\t\t\t\t<span class=\"hfe-post-date\">16\/07\/2025<\/span>\t\t\t\t\t<\/div>\n\t\t\t\t\n\t\t\t\t\n\t\t\t\t\t\t\t\t\t<a href=\"https:\/\/ferreiraslab.com\/en\/as_celulas_que_mantem_o_equilibrio_do_nosso_sistema_imunologico\/\" class=\"hfe-read-more\" rel=\"bookmark\">\n\t\t\t\t\t\tSaiba Mais\t\t\t\t\t<\/a>\n\t\t\t\t\t\t\t<\/div>\n\t\t<\/article>\n\t\t<\/div>\n\t\t\t\t<\/div>\n\t\t\t\t<\/div>\n\t\t\t\t\t<\/div>\n\t\t\t\t<\/div>\n\t\t<div class=\"elementor-element elementor-element-658ab62 e-flex e-con-boxed e-con e-parent\" data-id=\"658ab62\" data-element_type=\"container\" data-settings=\"{&quot;shape_divider_bottom&quot;:&quot;opacity-tilt&quot;}\">\n\t\t\t\t\t<div class=\"e-con-inner\">\n\t\t\t\t<div class=\"elementor-shape elementor-shape-bottom\" aria-hidden=\"true\" data-negative=\"false\">\n\t\t\t<svg xmlns=\"http:\/\/www.w3.org\/2000\/svg\" viewbox=\"0 0 2600 131.1\" preserveaspectratio=\"none\">\n\t<path class=\"elementor-shape-fill\" d=\"M0 0L2600 0 2600 69.1 0 0z\"\/>\n\t<path class=\"elementor-shape-fill\" style=\"opacity:0.5\" d=\"M0 0L2600 0 2600 69.1 0 69.1z\"\/>\n\t<path class=\"elementor-shape-fill\" style=\"opacity:0.25\" d=\"M2600 0L0 0 0 130.1 2600 69.1z\"\/>\n<\/svg>\t\t<\/div>\n\t\t\t\t<div class=\"elementor-element elementor-element-a017962 elementor-widget elementor-widget-spacer\" data-id=\"a017962\" data-element_type=\"widget\" data-widget_type=\"spacer.default\">\n\t\t\t\t\t\t\t<div class=\"elementor-spacer\">\n\t\t\t<div class=\"elementor-spacer-inner\"><\/div>\n\t\t<\/div>\n\t\t\t\t\t\t<\/div>\n\t\t\t\t\t<\/div>\n\t\t\t\t<\/div>\n\t\t\t\t<\/div>","protected":false},"excerpt":{"rendered":"<p>Blog A ci\u00eancia est\u00e1 em constante evolu\u00e7\u00e3o. Mantenha-se atualizado em nosso blog. As c\u00e9lulas que mant\u00eam o equil\u00edbrio do nosso sistema imunol\u00f3gico 16\/07\/2025 Saiba Mais<\/p>","protected":false},"author":1,"featured_media":0,"parent":0,"menu_order":0,"comment_status":"closed","ping_status":"closed","template":"elementor_header_footer","meta":{"footnotes":""},"class_list":["post-24","page","type-page","status-publish","hentry"],"_links":{"self":[{"href":"https:\/\/ferreiraslab.com\/en\/wp-json\/wp\/v2\/pages\/24","targetHints":{"allow":["GET"]}}],"collection":[{"href":"https:\/\/ferreiraslab.com\/en\/wp-json\/wp\/v2\/pages"}],"about":[{"href":"https:\/\/ferreiraslab.com\/en\/wp-json\/wp\/v2\/types\/page"}],"author":[{"embeddable":true,"href":"https:\/\/ferreiraslab.com\/en\/wp-json\/wp\/v2\/users\/1"}],"replies":[{"embeddable":true,"href":"https:\/\/ferreiraslab.com\/en\/wp-json\/wp\/v2\/comments?post=24"}],"version-history":[{"count":42,"href":"https:\/\/ferreiraslab.com\/en\/wp-json\/wp\/v2\/pages\/24\/revisions"}],"predecessor-version":[{"id":933,"href":"https:\/\/ferreiraslab.com\/en\/wp-json\/wp\/v2\/pages\/24\/revisions\/933"}],"wp:attachment":[{"href":"https:\/\/ferreiraslab.com\/en\/wp-json\/wp\/v2\/media?parent=24"}],"curies":[{"name":"wp","href":"https:\/\/api.w.org\/{rel}","templated":true}]}}