{"id":84,"date":"2025-07-23T22:02:02","date_gmt":"2025-07-24T01:02:02","guid":{"rendered":"https:\/\/ferreiraslab.com\/?page_id=84"},"modified":"2026-01-06T16:53:56","modified_gmt":"2026-01-06T19:53:56","slug":"alunos-egressos","status":"publish","type":"page","link":"https:\/\/ferreiraslab.com\/en\/alunos-egressos\/","title":{"rendered":"Alumni"},"content":{"rendered":"<div data-elementor-type=\"wp-page\" data-elementor-id=\"84\" class=\"elementor elementor-84\">\n\t\t\t\t<div class=\"elementor-element elementor-element-3859fef e-flex e-con-boxed elementor-invisible e-con e-parent\" data-id=\"3859fef\" data-element_type=\"container\" data-settings=\"{&quot;animation&quot;:&quot;fadeInUp&quot;}\">\n\t\t\t\t\t<div class=\"e-con-inner\">\n\t\t\t\t<div class=\"elementor-element elementor-element-7160119 elementor-widget elementor-widget-heading\" data-id=\"7160119\" data-element_type=\"widget\" data-settings=\"{&quot;_animation_mobile&quot;:&quot;fadeInUp&quot;}\" data-widget_type=\"heading.default\">\n\t\t\t\t\t<h1 class=\"elementor-heading-title elementor-size-default\">Alumni<\/h1>\t\t\t\t<\/div>\n\t\t\t\t<div class=\"elementor-element elementor-element-9a490b1 elementor-widget elementor-widget-spacer\" data-id=\"9a490b1\" data-element_type=\"widget\" data-widget_type=\"spacer.default\">\n\t\t\t\t\t\t\t<div class=\"elementor-spacer\">\n\t\t\t<div class=\"elementor-spacer-inner\"><\/div>\n\t\t<\/div>\n\t\t\t\t\t\t<\/div>\n\t\t\t\t\t<\/div>\n\t\t\t\t<\/div>\n\t\t<div class=\"elementor-element elementor-element-2fe1eb6 e-grid e-con-boxed e-con e-parent\" data-id=\"2fe1eb6\" data-element_type=\"container\">\n\t\t\t\t\t<div class=\"e-con-inner\">\n\t\t<div class=\"elementor-element elementor-element-608817c e-con-full e-flex elementor-invisible e-con e-child\" data-id=\"608817c\" data-element_type=\"container\" data-settings=\"{&quot;animation&quot;:&quot;fadeInLeft&quot;,&quot;animation_mobile&quot;:&quot;none&quot;}\">\n\t\t\t\t<div class=\"elementor-element elementor-element-698a719 elementor-position-top elementor-widget elementor-widget-image-box\" data-id=\"698a719\" data-element_type=\"widget\" data-widget_type=\"image-box.default\">\n\t\t\t\t\t<div class=\"elementor-image-box-wrapper\"><figure class=\"elementor-image-box-img\"><img fetchpriority=\"high\" decoding=\"async\" width=\"1080\" height=\"1350\" src=\"https:\/\/ferreiraslab.com\/wp-content\/uploads\/2025\/08\/1-1.png\" class=\"attachment-full size-full wp-image-268\" alt=\"\" srcset=\"https:\/\/ferreiraslab.com\/wp-content\/uploads\/2025\/08\/1-1.png 1080w, https:\/\/ferreiraslab.com\/wp-content\/uploads\/2025\/08\/1-1-240x300.png 240w, https:\/\/ferreiraslab.com\/wp-content\/uploads\/2025\/08\/1-1-819x1024.png 819w, https:\/\/ferreiraslab.com\/wp-content\/uploads\/2025\/08\/1-1-768x960.png 768w\" sizes=\"(max-width: 1080px) 100vw, 1080px\" \/><\/figure><div class=\"elementor-image-box-content\"><h3 class=\"elementor-image-box-title\">Claudio Fukumori<\/h3><p class=\"elementor-image-box-description\">Master Student<\/p><\/div><\/div>\t\t\t\t<\/div>\n\t\t\t\t<div class=\"elementor-element elementor-element-98f0712 elementor-widget elementor-widget-text-editor\" data-id=\"98f0712\" data-element_type=\"widget\" data-widget_type=\"text-editor.default\">\n\t\t\t\t\t\t\t\t\t<p><span style=\"font-size: 15px;\">2015 &#8211; 2017<\/span><\/p>\t\t\t\t\t\t\t\t<\/div>\n\t\t\t\t<div class=\"elementor-element elementor-element-ab41acb elementor-align-center elementor-widget elementor-widget-button\" data-id=\"ab41acb\" data-element_type=\"widget\" data-widget_type=\"button.default\">\n\t\t\t\t\t\t\t\t\t\t<a class=\"elementor-button elementor-button-link elementor-size-sm\" href=\"http:\/\/lattes.cnpq.br\/6995731375116355\">\n\t\t\t\t\t\t<span class=\"elementor-button-content-wrapper\">\n\t\t\t\t\t\t\t\t\t<span class=\"elementor-button-text\">LATTES CV<\/span>\n\t\t\t\t\t<\/span>\n\t\t\t\t\t<\/a>\n\t\t\t\t\t\t\t\t<\/div>\n\t\t\t\t<\/div>\n\t\t<div class=\"elementor-element elementor-element-5cde7b1 e-con-full e-flex elementor-invisible e-con e-child\" data-id=\"5cde7b1\" data-element_type=\"container\" data-settings=\"{&quot;animation&quot;:&quot;fadeInLeft&quot;,&quot;animation_mobile&quot;:&quot;none&quot;}\">\n\t\t\t\t<div class=\"elementor-element elementor-element-a438036 elementor-position-top elementor-widget elementor-widget-image-box\" data-id=\"a438036\" data-element_type=\"widget\" data-widget_type=\"image-box.default\">\n\t\t\t\t\t<div class=\"elementor-image-box-wrapper\"><figure class=\"elementor-image-box-img\"><img decoding=\"async\" width=\"1080\" height=\"1350\" src=\"https:\/\/ferreiraslab.com\/wp-content\/uploads\/2025\/08\/2-1.png\" class=\"attachment-full size-full wp-image-269\" alt=\"\" srcset=\"https:\/\/ferreiraslab.com\/wp-content\/uploads\/2025\/08\/2-1.png 1080w, https:\/\/ferreiraslab.com\/wp-content\/uploads\/2025\/08\/2-1-240x300.png 240w, https:\/\/ferreiraslab.com\/wp-content\/uploads\/2025\/08\/2-1-819x1024.png 819w, https:\/\/ferreiraslab.com\/wp-content\/uploads\/2025\/08\/2-1-768x960.png 768w\" sizes=\"(max-width: 1080px) 100vw, 1080px\" \/><\/figure><div class=\"elementor-image-box-content\"><h3 class=\"elementor-image-box-title\">Eduardo Mendes<\/h3><p class=\"elementor-image-box-description\">Master Student<\/p><\/div><\/div>\t\t\t\t<\/div>\n\t\t\t\t<div class=\"elementor-element elementor-element-729ecf1 elementor-widget elementor-widget-text-editor\" data-id=\"729ecf1\" data-element_type=\"widget\" data-widget_type=\"text-editor.default\">\n\t\t\t\t\t\t\t\t\t<p><span style=\"font-size: 15px;\">2016 &#8211; 2018<\/span><\/p>\t\t\t\t\t\t\t\t<\/div>\n\t\t\t\t<div class=\"elementor-element elementor-element-6d8b997 elementor-align-center elementor-widget elementor-widget-button\" data-id=\"6d8b997\" data-element_type=\"widget\" data-widget_type=\"button.default\">\n\t\t\t\t\t\t\t\t\t\t<a class=\"elementor-button elementor-button-link elementor-size-sm\" href=\"http:\/\/lattes.cnpq.br\/3574041667771057\">\n\t\t\t\t\t\t<span class=\"elementor-button-content-wrapper\">\n\t\t\t\t\t\t\t\t\t<span class=\"elementor-button-text\">LATTES CV<\/span>\n\t\t\t\t\t<\/span>\n\t\t\t\t\t<\/a>\n\t\t\t\t\t\t\t\t<\/div>\n\t\t\t\t<\/div>\n\t\t<div class=\"elementor-element elementor-element-3e8dd98 e-con-full e-flex elementor-invisible e-con e-child\" data-id=\"3e8dd98\" data-element_type=\"container\" data-settings=\"{&quot;animation&quot;:&quot;fadeInRight&quot;,&quot;animation_mobile&quot;:&quot;none&quot;}\">\n\t\t\t\t<div class=\"elementor-element elementor-element-507b658 elementor-position-top elementor-widget elementor-widget-image-box\" data-id=\"507b658\" data-element_type=\"widget\" data-widget_type=\"image-box.default\">\n\t\t\t\t\t<div class=\"elementor-image-box-wrapper\"><figure class=\"elementor-image-box-img\"><img decoding=\"async\" width=\"1080\" height=\"1350\" src=\"https:\/\/ferreiraslab.com\/wp-content\/uploads\/2025\/08\/2-1.png\" class=\"attachment-full size-full wp-image-269\" alt=\"\" srcset=\"https:\/\/ferreiraslab.com\/wp-content\/uploads\/2025\/08\/2-1.png 1080w, https:\/\/ferreiraslab.com\/wp-content\/uploads\/2025\/08\/2-1-240x300.png 240w, https:\/\/ferreiraslab.com\/wp-content\/uploads\/2025\/08\/2-1-819x1024.png 819w, https:\/\/ferreiraslab.com\/wp-content\/uploads\/2025\/08\/2-1-768x960.png 768w\" sizes=\"(max-width: 1080px) 100vw, 1080px\" \/><\/figure><div class=\"elementor-image-box-content\"><h3 class=\"elementor-image-box-title\">Eduardo Mendes<\/h3><p class=\"elementor-image-box-description\">PhD Student<\/p><\/div><\/div>\t\t\t\t<\/div>\n\t\t\t\t<div class=\"elementor-element elementor-element-7a0df82 elementor-widget elementor-widget-text-editor\" data-id=\"7a0df82\" data-element_type=\"widget\" data-widget_type=\"text-editor.default\">\n\t\t\t\t\t\t\t\t\t<p><span style=\"font-size: 15px;\">2018 &#8211; 2023<\/span><\/p>\t\t\t\t\t\t\t\t<\/div>\n\t\t\t\t<div class=\"elementor-element elementor-element-1677947 elementor-align-center elementor-widget elementor-widget-button\" data-id=\"1677947\" data-element_type=\"widget\" data-widget_type=\"button.default\">\n\t\t\t\t\t\t\t\t\t\t<a class=\"elementor-button elementor-button-link elementor-size-sm\" href=\"http:\/\/lattes.cnpq.br\/3574041667771057\">\n\t\t\t\t\t\t<span class=\"elementor-button-content-wrapper\">\n\t\t\t\t\t\t\t\t\t<span class=\"elementor-button-text\">LATTES CV<\/span>\n\t\t\t\t\t<\/span>\n\t\t\t\t\t<\/a>\n\t\t\t\t\t\t\t\t<\/div>\n\t\t\t\t<\/div>\n\t\t<div class=\"elementor-element elementor-element-027a6fa e-con-full e-flex elementor-invisible e-con e-child\" data-id=\"027a6fa\" data-element_type=\"container\" data-settings=\"{&quot;animation&quot;:&quot;fadeInRight&quot;,&quot;animation_mobile&quot;:&quot;none&quot;}\">\n\t\t\t\t<div class=\"elementor-element elementor-element-7cdb576 elementor-position-top elementor-widget elementor-widget-image-box\" data-id=\"7cdb576\" data-element_type=\"widget\" data-widget_type=\"image-box.default\">\n\t\t\t\t\t<div class=\"elementor-image-box-wrapper\"><figure class=\"elementor-image-box-img\"><img decoding=\"async\" width=\"1080\" height=\"1350\" src=\"https:\/\/ferreiraslab.com\/wp-content\/uploads\/2025\/08\/3-1.png\" class=\"attachment-full size-full wp-image-270\" alt=\"\" srcset=\"https:\/\/ferreiraslab.com\/wp-content\/uploads\/2025\/08\/3-1.png 1080w, https:\/\/ferreiraslab.com\/wp-content\/uploads\/2025\/08\/3-1-240x300.png 240w, https:\/\/ferreiraslab.com\/wp-content\/uploads\/2025\/08\/3-1-819x1024.png 819w, https:\/\/ferreiraslab.com\/wp-content\/uploads\/2025\/08\/3-1-768x960.png 768w\" sizes=\"(max-width: 1080px) 100vw, 1080px\" \/><\/figure><div class=\"elementor-image-box-content\"><h3 class=\"elementor-image-box-title\">Leila Co\u00ealho<\/h3><p class=\"elementor-image-box-description\">Master Student<\/p><\/div><\/div>\t\t\t\t<\/div>\n\t\t\t\t<div class=\"elementor-element elementor-element-e8f915d elementor-widget elementor-widget-text-editor\" data-id=\"e8f915d\" data-element_type=\"widget\" data-widget_type=\"text-editor.default\">\n\t\t\t\t\t\t\t\t\t<p><span style=\"font-size: 15px;\">2018 &#8211; 2020<\/span><\/p>\t\t\t\t\t\t\t\t<\/div>\n\t\t\t\t<div class=\"elementor-element elementor-element-38ad6ba elementor-align-center elementor-widget elementor-widget-button\" data-id=\"38ad6ba\" data-element_type=\"widget\" data-widget_type=\"button.default\">\n\t\t\t\t\t\t\t\t\t\t<a class=\"elementor-button elementor-button-link elementor-size-sm\" href=\"http:\/\/lattes.cnpq.br\/3957693001062650\">\n\t\t\t\t\t\t<span class=\"elementor-button-content-wrapper\">\n\t\t\t\t\t\t\t\t\t<span class=\"elementor-button-text\">LATTES CV<\/span>\n\t\t\t\t\t<\/span>\n\t\t\t\t\t<\/a>\n\t\t\t\t\t\t\t\t<\/div>\n\t\t\t\t<\/div>\n\t\t<div class=\"elementor-element elementor-element-2f2918c e-con-full e-flex elementor-invisible e-con e-child\" data-id=\"2f2918c\" data-element_type=\"container\" data-settings=\"{&quot;animation&quot;:&quot;fadeInLeft&quot;,&quot;animation_mobile&quot;:&quot;none&quot;}\">\n\t\t\t\t<div class=\"elementor-element elementor-element-287032e elementor-position-top elementor-widget elementor-widget-image-box\" data-id=\"287032e\" data-element_type=\"widget\" data-settings=\"{&quot;_animation_mobile&quot;:&quot;none&quot;}\" data-widget_type=\"image-box.default\">\n\t\t\t\t\t<div class=\"elementor-image-box-wrapper\"><figure class=\"elementor-image-box-img\"><img loading=\"lazy\" decoding=\"async\" width=\"1080\" height=\"1350\" src=\"https:\/\/ferreiraslab.com\/wp-content\/uploads\/2025\/08\/4-1.png\" class=\"attachment-full size-full wp-image-271\" alt=\"\" srcset=\"https:\/\/ferreiraslab.com\/wp-content\/uploads\/2025\/08\/4-1.png 1080w, https:\/\/ferreiraslab.com\/wp-content\/uploads\/2025\/08\/4-1-240x300.png 240w, https:\/\/ferreiraslab.com\/wp-content\/uploads\/2025\/08\/4-1-819x1024.png 819w, https:\/\/ferreiraslab.com\/wp-content\/uploads\/2025\/08\/4-1-768x960.png 768w\" sizes=\"(max-width: 1080px) 100vw, 1080px\" \/><\/figure><div class=\"elementor-image-box-content\"><h3 class=\"elementor-image-box-title\">Carolina Nascimento<\/h3><p class=\"elementor-image-box-description\">Master Student<\/p><\/div><\/div>\t\t\t\t<\/div>\n\t\t\t\t<div class=\"elementor-element elementor-element-44a5dc8 elementor-widget elementor-widget-text-editor\" data-id=\"44a5dc8\" data-element_type=\"widget\" data-settings=\"{&quot;_animation_mobile&quot;:&quot;none&quot;}\" data-widget_type=\"text-editor.default\">\n\t\t\t\t\t\t\t\t\t<p><span style=\"font-size: 15px;\">2020 &#8211; 2022<\/span><\/p>\t\t\t\t\t\t\t\t<\/div>\n\t\t\t\t<div class=\"elementor-element elementor-element-7996a02 elementor-align-center elementor-widget elementor-widget-button\" data-id=\"7996a02\" data-element_type=\"widget\" data-widget_type=\"button.default\">\n\t\t\t\t\t\t\t\t\t\t<a class=\"elementor-button elementor-button-link elementor-size-sm\" href=\"http:\/\/lattes.cnpq.br\/9130283064892108\">\n\t\t\t\t\t\t<span class=\"elementor-button-content-wrapper\">\n\t\t\t\t\t\t\t\t\t<span class=\"elementor-button-text\">LATTES CV<\/span>\n\t\t\t\t\t<\/span>\n\t\t\t\t\t<\/a>\n\t\t\t\t\t\t\t\t<\/div>\n\t\t\t\t<\/div>\n\t\t<div class=\"elementor-element elementor-element-0789d30 e-con-full e-flex elementor-invisible e-con e-child\" data-id=\"0789d30\" data-element_type=\"container\" data-settings=\"{&quot;animation&quot;:&quot;fadeInLeft&quot;,&quot;animation_mobile&quot;:&quot;none&quot;}\">\n\t\t\t\t<div class=\"elementor-element elementor-element-b34c186 elementor-position-top elementor-widget elementor-widget-image-box\" data-id=\"b34c186\" data-element_type=\"widget\" data-widget_type=\"image-box.default\">\n\t\t\t\t\t<div class=\"elementor-image-box-wrapper\"><figure class=\"elementor-image-box-img\"><img loading=\"lazy\" decoding=\"async\" width=\"1080\" height=\"1350\" src=\"https:\/\/ferreiraslab.com\/wp-content\/uploads\/2025\/08\/Parabens-feliz-aniversario-moderno-fotografico-balao-cinza-instagram-post.png\" class=\"attachment-full size-full wp-image-282\" alt=\"\" srcset=\"https:\/\/ferreiraslab.com\/wp-content\/uploads\/2025\/08\/Parabens-feliz-aniversario-moderno-fotografico-balao-cinza-instagram-post.png 1080w, https:\/\/ferreiraslab.com\/wp-content\/uploads\/2025\/08\/Parabens-feliz-aniversario-moderno-fotografico-balao-cinza-instagram-post-240x300.png 240w, https:\/\/ferreiraslab.com\/wp-content\/uploads\/2025\/08\/Parabens-feliz-aniversario-moderno-fotografico-balao-cinza-instagram-post-819x1024.png 819w, https:\/\/ferreiraslab.com\/wp-content\/uploads\/2025\/08\/Parabens-feliz-aniversario-moderno-fotografico-balao-cinza-instagram-post-768x960.png 768w\" sizes=\"(max-width: 1080px) 100vw, 1080px\" \/><\/figure><div class=\"elementor-image-box-content\"><h3 class=\"elementor-image-box-title\">Filipe Hille<\/h3><p class=\"elementor-image-box-description\">Master Student<\/p><\/div><\/div>\t\t\t\t<\/div>\n\t\t\t\t<div class=\"elementor-element elementor-element-eb8718b elementor-widget-tablet__width-initial elementor-widget elementor-widget-text-editor\" data-id=\"eb8718b\" data-element_type=\"widget\" data-widget_type=\"text-editor.default\">\n\t\t\t\t\t\t\t\t\t<p><span style=\"font-size: 15px;\">2020 &#8211; 2022<\/span><\/p>\t\t\t\t\t\t\t\t<\/div>\n\t\t\t\t<div class=\"elementor-element elementor-element-6573927 elementor-align-center elementor-widget elementor-widget-button\" data-id=\"6573927\" data-element_type=\"widget\" data-widget_type=\"button.default\">\n\t\t\t\t\t\t\t\t\t\t<a class=\"elementor-button elementor-button-link elementor-size-sm\" href=\"http:\/\/lattes.cnpq.br\/6511929147712306\">\n\t\t\t\t\t\t<span class=\"elementor-button-content-wrapper\">\n\t\t\t\t\t\t\t\t\t<span class=\"elementor-button-text\">LATTES CV<\/span>\n\t\t\t\t\t<\/span>\n\t\t\t\t\t<\/a>\n\t\t\t\t\t\t\t\t<\/div>\n\t\t\t\t<\/div>\n\t\t<div class=\"elementor-element elementor-element-9035d3c e-con-full e-flex elementor-invisible e-con e-child\" data-id=\"9035d3c\" data-element_type=\"container\" data-settings=\"{&quot;animation&quot;:&quot;fadeInRight&quot;,&quot;animation_mobile&quot;:&quot;none&quot;}\">\n\t\t\t\t<div class=\"elementor-element elementor-element-cf37d69 elementor-position-top elementor-widget elementor-widget-image-box\" data-id=\"cf37d69\" data-element_type=\"widget\" data-settings=\"{&quot;_animation_mobile&quot;:&quot;none&quot;}\" data-widget_type=\"image-box.default\">\n\t\t\t\t\t<div class=\"elementor-image-box-wrapper\"><figure class=\"elementor-image-box-img\"><img loading=\"lazy\" decoding=\"async\" width=\"1080\" height=\"1350\" src=\"https:\/\/ferreiraslab.com\/wp-content\/uploads\/2025\/08\/5-1.png\" class=\"attachment-full size-full wp-image-272\" alt=\"\" srcset=\"https:\/\/ferreiraslab.com\/wp-content\/uploads\/2025\/08\/5-1.png 1080w, https:\/\/ferreiraslab.com\/wp-content\/uploads\/2025\/08\/5-1-240x300.png 240w, https:\/\/ferreiraslab.com\/wp-content\/uploads\/2025\/08\/5-1-819x1024.png 819w, https:\/\/ferreiraslab.com\/wp-content\/uploads\/2025\/08\/5-1-768x960.png 768w\" sizes=\"(max-width: 1080px) 100vw, 1080px\" \/><\/figure><div class=\"elementor-image-box-content\"><h3 class=\"elementor-image-box-title\">Vitor Alves<\/h3><p class=\"elementor-image-box-description\">Postdoctoral Researcher<\/p><\/div><\/div>\t\t\t\t<\/div>\n\t\t\t\t<div class=\"elementor-element elementor-element-b83097c elementor-widget elementor-widget-text-editor\" data-id=\"b83097c\" data-element_type=\"widget\" data-widget_type=\"text-editor.default\">\n\t\t\t\t\t\t\t\t\t<p><span style=\"font-size: 15px;\">2023 &#8211; 2024<\/span><\/p>\t\t\t\t\t\t\t\t<\/div>\n\t\t\t\t<div class=\"elementor-element elementor-element-70d4ce0 elementor-align-center elementor-widget elementor-widget-button\" data-id=\"70d4ce0\" data-element_type=\"widget\" data-widget_type=\"button.default\">\n\t\t\t\t\t\t\t\t\t\t<a class=\"elementor-button elementor-button-link elementor-size-sm\" href=\"http:\/\/lattes.cnpq.br\/6071101461989801\">\n\t\t\t\t\t\t<span class=\"elementor-button-content-wrapper\">\n\t\t\t\t\t\t\t\t\t<span class=\"elementor-button-text\">LATTES CV<\/span>\n\t\t\t\t\t<\/span>\n\t\t\t\t\t<\/a>\n\t\t\t\t\t\t\t\t<\/div>\n\t\t\t\t<\/div>\n\t\t<div class=\"elementor-element elementor-element-86abe83 e-con-full e-flex elementor-invisible e-con e-child\" data-id=\"86abe83\" data-element_type=\"container\" data-settings=\"{&quot;animation&quot;:&quot;fadeInRight&quot;,&quot;animation_mobile&quot;:&quot;none&quot;}\">\n\t\t\t\t<div class=\"elementor-element elementor-element-81a615d elementor-position-top elementor-widget elementor-widget-image-box\" data-id=\"81a615d\" data-element_type=\"widget\" data-settings=\"{&quot;_animation_mobile&quot;:&quot;none&quot;}\" data-widget_type=\"image-box.default\">\n\t\t\t\t\t<div class=\"elementor-image-box-wrapper\"><figure class=\"elementor-image-box-img\"><img loading=\"lazy\" decoding=\"async\" width=\"1080\" height=\"1350\" src=\"https:\/\/ferreiraslab.com\/wp-content\/uploads\/2025\/08\/6-1.png\" class=\"attachment-full size-full wp-image-273\" alt=\"\" srcset=\"https:\/\/ferreiraslab.com\/wp-content\/uploads\/2025\/08\/6-1.png 1080w, https:\/\/ferreiraslab.com\/wp-content\/uploads\/2025\/08\/6-1-240x300.png 240w, https:\/\/ferreiraslab.com\/wp-content\/uploads\/2025\/08\/6-1-819x1024.png 819w, https:\/\/ferreiraslab.com\/wp-content\/uploads\/2025\/08\/6-1-768x960.png 768w\" sizes=\"(max-width: 1080px) 100vw, 1080px\" \/><\/figure><div class=\"elementor-image-box-content\"><h3 class=\"elementor-image-box-title\">Willian Ribeiro<\/h3><p class=\"elementor-image-box-description\">PhD Student<\/p><\/div><\/div>\t\t\t\t<\/div>\n\t\t\t\t<div class=\"elementor-element elementor-element-8f570d1 elementor-widget elementor-widget-text-editor\" data-id=\"8f570d1\" data-element_type=\"widget\" data-widget_type=\"text-editor.default\">\n\t\t\t\t\t\t\t\t\t<p><span style=\"font-size: 15px;\">2016 &#8211; 2021<\/span><\/p>\t\t\t\t\t\t\t\t<\/div>\n\t\t\t\t<div class=\"elementor-element elementor-element-6a5864c elementor-align-center elementor-widget elementor-widget-button\" data-id=\"6a5864c\" data-element_type=\"widget\" data-widget_type=\"button.default\">\n\t\t\t\t\t\t\t\t\t\t<a class=\"elementor-button elementor-button-link elementor-size-sm\" href=\"http:\/\/lattes.cnpq.br\/1299122060826648\">\n\t\t\t\t\t\t<span class=\"elementor-button-content-wrapper\">\n\t\t\t\t\t\t\t\t\t<span class=\"elementor-button-text\">LATTES CV<\/span>\n\t\t\t\t\t<\/span>\n\t\t\t\t\t<\/a>\n\t\t\t\t\t\t\t\t<\/div>\n\t\t\t\t<\/div>\n\t\t<div class=\"elementor-element elementor-element-bfd1768 e-con-full e-flex elementor-invisible e-con e-child\" data-id=\"bfd1768\" data-element_type=\"container\" data-settings=\"{&quot;animation&quot;:&quot;fadeInLeft&quot;,&quot;animation_mobile&quot;:&quot;none&quot;}\">\n\t\t\t\t<div class=\"elementor-element elementor-element-6eebf08 elementor-position-top elementor-widget elementor-widget-image-box\" data-id=\"6eebf08\" data-element_type=\"widget\" data-settings=\"{&quot;_animation_mobile&quot;:&quot;none&quot;}\" data-widget_type=\"image-box.default\">\n\t\t\t\t\t<div class=\"elementor-image-box-wrapper\"><figure class=\"elementor-image-box-img\"><img loading=\"lazy\" decoding=\"async\" width=\"1080\" height=\"1350\" src=\"https:\/\/ferreiraslab.com\/wp-content\/uploads\/2025\/08\/7-1.png\" class=\"attachment-full size-full wp-image-274\" alt=\"\" srcset=\"https:\/\/ferreiraslab.com\/wp-content\/uploads\/2025\/08\/7-1.png 1080w, https:\/\/ferreiraslab.com\/wp-content\/uploads\/2025\/08\/7-1-240x300.png 240w, https:\/\/ferreiraslab.com\/wp-content\/uploads\/2025\/08\/7-1-819x1024.png 819w, https:\/\/ferreiraslab.com\/wp-content\/uploads\/2025\/08\/7-1-768x960.png 768w\" sizes=\"(max-width: 1080px) 100vw, 1080px\" \/><\/figure><div class=\"elementor-image-box-content\"><h3 class=\"elementor-image-box-title\">Evelyn Umana<\/h3><p class=\"elementor-image-box-description\">PhD Student<\/p><\/div><\/div>\t\t\t\t<\/div>\n\t\t\t\t<div class=\"elementor-element elementor-element-2ad4cdf elementor-widget elementor-widget-text-editor\" data-id=\"2ad4cdf\" data-element_type=\"widget\" data-widget_type=\"text-editor.default\">\n\t\t\t\t\t\t\t\t\t<p><span style=\"font-size: 15px;\">2019 &#8211; 2024<\/span><\/p>\t\t\t\t\t\t\t\t<\/div>\n\t\t\t\t<div class=\"elementor-element elementor-element-175222a elementor-align-center elementor-widget elementor-widget-button\" data-id=\"175222a\" data-element_type=\"widget\" data-widget_type=\"button.default\">\n\t\t\t\t\t\t\t\t\t\t<a class=\"elementor-button elementor-button-link elementor-size-sm\" href=\"http:\/\/lattes.cnpq.br\/9049387198515465\">\n\t\t\t\t\t\t<span class=\"elementor-button-content-wrapper\">\n\t\t\t\t\t\t\t\t\t<span class=\"elementor-button-text\">LATTES CV<\/span>\n\t\t\t\t\t<\/span>\n\t\t\t\t\t<\/a>\n\t\t\t\t\t\t\t\t<\/div>\n\t\t\t\t<\/div>\n\t\t\t\t\t<\/div>\n\t\t\t\t<\/div>\n\t\t<div class=\"elementor-element elementor-element-6000e73 e-flex e-con-boxed e-con e-parent\" data-id=\"6000e73\" data-element_type=\"container\">\n\t\t\t\t\t<div class=\"e-con-inner\">\n\t\t\t\t<div class=\"elementor-element elementor-element-e44a44e elementor-widget-divider--view-line elementor-widget elementor-widget-divider\" data-id=\"e44a44e\" data-element_type=\"widget\" data-widget_type=\"divider.default\">\n\t\t\t\t\t\t\t<div class=\"elementor-divider\">\n\t\t\t<span class=\"elementor-divider-separator\">\n\t\t\t\t\t\t<\/span>\n\t\t<\/div>\n\t\t\t\t\t\t<\/div>\n\t\t\t\t\t<\/div>\n\t\t\t\t<\/div>\n\t\t<div class=\"elementor-element elementor-element-cef60e9 e-flex e-con-boxed e-con e-parent\" data-id=\"cef60e9\" data-element_type=\"container\" data-settings=\"{&quot;shape_divider_bottom&quot;:&quot;opacity-tilt&quot;}\">\n\t\t\t\t\t<div class=\"e-con-inner\">\n\t\t\t\t<div class=\"elementor-shape elementor-shape-bottom\" aria-hidden=\"true\" data-negative=\"false\">\n\t\t\t<svg xmlns=\"http:\/\/www.w3.org\/2000\/svg\" viewbox=\"0 0 2600 131.1\" preserveaspectratio=\"none\">\n\t<path class=\"elementor-shape-fill\" d=\"M0 0L2600 0 2600 69.1 0 0z\"\/>\n\t<path class=\"elementor-shape-fill\" style=\"opacity:0.5\" d=\"M0 0L2600 0 2600 69.1 0 69.1z\"\/>\n\t<path class=\"elementor-shape-fill\" style=\"opacity:0.25\" d=\"M2600 0L0 0 0 130.1 2600 69.1z\"\/>\n<\/svg>\t\t<\/div>\n\t\t\t\t\t<\/div>\n\t\t\t\t<\/div>\n\t\t\t\t<\/div>","protected":false},"excerpt":{"rendered":"<p>Alunos Egressos Claudio Fukumori Mestrando 2015 &#8211; 2017 VER CURR\u00cdCULO LATTES Eduardo Mendes Mestrando 2016 &#8211; 2018 VER CURR\u00cdCULO LATTES Eduardo Mendes Doutorando 2018 &#8211; 2023 VER CURR\u00cdCULO LATTES Leila Co\u00ealho Mestranda 2018 &#8211; 2020 VER CURR\u00cdCULO LATTES Carolina Nascimento Mestranda 2020 &#8211; 2022 VER CURR\u00cdCULO LATTES Filipe Hille Mestrando 2020 &#8211; 2022 VER CURR\u00cdCULO [&hellip;]<\/p>","protected":false},"author":1,"featured_media":0,"parent":0,"menu_order":0,"comment_status":"closed","ping_status":"closed","template":"elementor_header_footer","meta":{"footnotes":""},"class_list":["post-84","page","type-page","status-publish","hentry"],"_links":{"self":[{"href":"https:\/\/ferreiraslab.com\/en\/wp-json\/wp\/v2\/pages\/84","targetHints":{"allow":["GET"]}}],"collection":[{"href":"https:\/\/ferreiraslab.com\/en\/wp-json\/wp\/v2\/pages"}],"about":[{"href":"https:\/\/ferreiraslab.com\/en\/wp-json\/wp\/v2\/types\/page"}],"author":[{"embeddable":true,"href":"https:\/\/ferreiraslab.com\/en\/wp-json\/wp\/v2\/users\/1"}],"replies":[{"embeddable":true,"href":"https:\/\/ferreiraslab.com\/en\/wp-json\/wp\/v2\/comments?post=84"}],"version-history":[{"count":94,"href":"https:\/\/ferreiraslab.com\/en\/wp-json\/wp\/v2\/pages\/84\/revisions"}],"predecessor-version":[{"id":1019,"href":"https:\/\/ferreiraslab.com\/en\/wp-json\/wp\/v2\/pages\/84\/revisions\/1019"}],"wp:attachment":[{"href":"https:\/\/ferreiraslab.com\/en\/wp-json\/wp\/v2\/media?parent=84"}],"curies":[{"name":"wp","href":"https:\/\/api.w.org\/{rel}","templated":true}]}}